{"id":16335,"date":"2025-07-21T10:27:19","date_gmt":"2025-07-21T10:27:19","guid":{"rendered":"https:\/\/www.gtline.com\/es\/prodotto\/gt-line-maleta-porta-herramientas-aimod31\/"},"modified":"2026-04-17T03:11:32","modified_gmt":"2026-04-17T03:11:32","slug":"gt-line-maleta-porta-herramientas-aimod31","status":"publish","type":"product","link":"https:\/\/www.gtline.com\/es\/products\/gt-line-maleta-porta-herramientas-aimod31\/","title":{"rendered":"GT Line Maleta Porta herramientas AIMOD31"},"content":{"rendered":"<p>1. Capacidad adicional para herramientas voluminosas o herramientas el\u00e9ctricas<br \/>\nAI1MOD31 es la soluci\u00f3n ideal para aquellos que necesitan espacio adicional dentro de su sistema de transporte: un contenedor profesional para herramientas de gran tama\u00f1o.<\/p>\n<p>2. Uso aut\u00f3nomo o en combinaci\u00f3n con otros m\u00f3dulos<br \/>\nSe puede utilizar por s\u00ed solo como una caja de herramientas independiente o apilarse con otros m\u00f3dulos de la serie AI1MOD para configurar una caja de herramientas modular y m\u00f3vil.<\/p>\n<p>3. Caj\u00f3n interior extra\u00edble para una organizaci\u00f3n flexible<br \/>\nEl espacio interno incluye un gran caj\u00f3n extra\u00edble, perfecto para organizar herramientas, accesorios o componentes espec\u00edficos, manteniendo todo en orden incluso mientras se est\u00e1 en movimiento.<\/p>\n<p>4. Sistema patentado de bloqueo y desbloqueo para un apilamiento r\u00e1pido<br \/>\nEl pr\u00e1ctico bot\u00f3n de liberaci\u00f3n le permite apilar y desapilar m\u00f3dulos en segundos, lo que aumenta la velocidad y la facilidad de uso en entornos de trabajo din\u00e1micos.<\/p>\n<p>5. Compatible con los sistemas TODO EN UNO de la generaci\u00f3n anterior<br \/>\nCon la tapa AI1LID, tambi\u00e9n se puede utilizar AI1MOD31 con carros de versiones anteriores, lo que garantiza la continuidad de uso y la m\u00e1xima reutilizaci\u00f3n de su equipo.<\/p>\n<p>6. Estructura robusta pero ligera<br \/>\nFabricado en polipropileno resistente a los golpes, pesa solo 4,79 kg y ofrece protecci\u00f3n y portabilidad, lo que es ideal para quienes buscan un malet\u00edn de herramientas profesional listo para usar.<\/p>\n<p>7. Gesti\u00f3n digital con tecnolog\u00eda INTELLIRESPOND<br \/>\nGracias a la aplicaci\u00f3n gratuita INTELLIRESPOND, puede rastrear, inventariar y administrar el contenido del estuche directamente desde su tel\u00e9fono inteligente. Info en www.intellirespond.com.<\/p>\n<p>8. Dimensiones ideales para el transporte y la integraci\u00f3n modular<br \/>\nCon unas dimensiones compactas (585 x 369 x 348 mm), se integra perfectamente con otros m\u00f3dulos de la gama y es f\u00e1cil de transportar en talleres o veh\u00edculos equipados.<\/p>\n","protected":false},"excerpt":{"rendered":"<p>El malet\u00edn de herramientas AI1MOD31 es el m\u00f3dulo de alta capacidad dise\u00f1ado para mejorar la gama GT Line ALL IN ONE. <br \/> <br \/>\nPerfecto para almacenar herramientas el\u00e9ctricas, herramientas manuales adicionales o piezas de repuesto voluminosas, se puede emparejar con el carro principal o usar como un estuche profesional independiente. <br \/> <br \/>\nHecho de polipropileno resistente moldeado por inyecci\u00f3n, proporciona la misma resistencia y confiabilidad que hizo famoso al sistema TODO EN UNO en todo el mundo. <br \/> <br \/>\nGracias al sistema patentado Lock-Unlock, el AI1MOD31 se puede apilar y desmontar con facilidad, ofreciendo una soluci\u00f3n modular y m\u00f3vil para cualquier necesidad profesional. <br \/> <br \/>\nCompatible con los modelos anteriores ALL IN ONE a trav\u00e9s de la cubierta AI1LID y equipado con la tecnolog\u00eda INTELLIRESPOND para el control de contenido digital y el seguimiento de herramientas.<\/p>\n","protected":false},"featured_media":9186,"comment_status":"open","ping_status":"closed","template":"","meta":{"_acf_changed":false},"product_brand":[],"product_cat":[231],"product_tag":[],"class_list":{"0":"post-16335","1":"product","2":"type-product","3":"status-publish","4":"has-post-thumbnail","6":"product_cat-impilabili","7":"pa_aplicaciones-maletas-y-bolsas-para-el-sector-aeroespacial-mro","8":"pa_aplicaciones-maletas-y-bolsas-para-electricistas","9":"pa_aplicaciones-maletas-y-bolsas-para-fontaneros","10":"pa_aplicaciones-maletas-y-bolsas-para-mantenedores","11":"pa_aplicaciones-maletas-y-bolsas-para-tecnicos-de-campo","12":"pa_aplicaciones-todas","13":"pa_tipo-de-producto-maletas-para-herramientas","14":"pa_tipo-de-producto-all-in-one-modular-system","16":"first","17":"instock","18":"shipping-taxable","19":"purchasable","20":"product-type-simple"},"acf":[],"yoast_head":"<!-- This site is optimized with the Yoast SEO plugin v25.4 - https:\/\/yoast.com\/wordpress\/plugins\/seo\/ -->\n<title>Maleta para Herramientas AI1MOD31 | GT Line<\/title>\n<meta name=\"description\" content=\"Maleta para herramientas AI1MOD31 con capacidad mayor, estructura reforzada y organizaci\u00f3n superior para trabajos intensos y frecuentes.\" \/>\n<meta name=\"robots\" content=\"index, follow, max-snippet:-1, max-image-preview:large, max-video-preview:-1\" \/>\n<link rel=\"canonical\" href=\"https:\/\/www.gtline.com\/es\/products\/gt-line-maleta-porta-herramientas-aimod31\/\" \/>\n<meta property=\"og:locale\" content=\"es_ES\" \/>\n<meta property=\"og:type\" content=\"article\" \/>\n<meta property=\"og:title\" content=\"Maleta para Herramientas AI1MOD31 | GT Line\" \/>\n<meta property=\"og:description\" content=\"Maleta para herramientas AI1MOD31 con capacidad mayor, estructura reforzada y organizaci\u00f3n superior para trabajos intensos y frecuentes.\" \/>\n<meta property=\"og:url\" content=\"https:\/\/www.gtline.com\/es\/products\/gt-line-maleta-porta-herramientas-aimod31\/\" \/>\n<meta property=\"og:site_name\" content=\"Gt Line ES\" \/>\n<meta property=\"article:publisher\" content=\"https:\/\/www.facebook.com\/gtlinesrl?locale=it_IT\" \/>\n<meta property=\"article:modified_time\" content=\"2026-04-17T03:11:32+00:00\" \/>\n<meta property=\"og:image\" content=\"https:\/\/www.gtline.com\/es\/wp-content\/uploads\/sites\/4\/2025\/05\/AI1MOD31_01_9092.jpg\" \/>\n\t<meta property=\"og:image:width\" content=\"500\" \/>\n\t<meta property=\"og:image:height\" content=\"500\" \/>\n\t<meta property=\"og:image:type\" content=\"image\/jpeg\" \/>\n<meta name=\"twitter:card\" content=\"summary_large_image\" \/>\n<meta name=\"twitter:label1\" content=\"Tiempo de lectura\" \/>\n\t<meta name=\"twitter:data1\" content=\"2 minutos\" \/>\n<script type=\"application\/ld+json\" class=\"yoast-schema-graph\">{\"@context\":\"https:\/\/schema.org\",\"@graph\":[{\"@type\":\"WebPage\",\"@id\":\"https:\/\/www.gtline.com\/es\/products\/gt-line-maleta-porta-herramientas-aimod31\/\",\"url\":\"https:\/\/www.gtline.com\/es\/products\/gt-line-maleta-porta-herramientas-aimod31\/\",\"name\":\"Maleta para Herramientas AI1MOD31 | GT Line\",\"isPartOf\":{\"@id\":\"https:\/\/www.gtline.com\/es\/#website\"},\"primaryImageOfPage\":{\"@id\":\"https:\/\/www.gtline.com\/es\/products\/gt-line-maleta-porta-herramientas-aimod31\/#primaryimage\"},\"image\":{\"@id\":\"https:\/\/www.gtline.com\/es\/products\/gt-line-maleta-porta-herramientas-aimod31\/#primaryimage\"},\"thumbnailUrl\":\"https:\/\/www.gtline.com\/es\/wp-content\/uploads\/sites\/4\/2025\/05\/AI1MOD31_01_9092.jpg\",\"datePublished\":\"2025-07-21T10:27:19+00:00\",\"dateModified\":\"2026-04-17T03:11:32+00:00\",\"description\":\"Maleta para herramientas AI1MOD31 con capacidad mayor, estructura reforzada y organizaci\u00f3n superior para trabajos intensos y frecuentes.\",\"breadcrumb\":{\"@id\":\"https:\/\/www.gtline.com\/es\/products\/gt-line-maleta-porta-herramientas-aimod31\/#breadcrumb\"},\"inLanguage\":\"es\",\"potentialAction\":[{\"@type\":\"ReadAction\",\"target\":[\"https:\/\/www.gtline.com\/es\/products\/gt-line-maleta-porta-herramientas-aimod31\/\"]}]},{\"@type\":\"ImageObject\",\"inLanguage\":\"es\",\"@id\":\"https:\/\/www.gtline.com\/es\/products\/gt-line-maleta-porta-herramientas-aimod31\/#primaryimage\",\"url\":\"https:\/\/www.gtline.com\/es\/wp-content\/uploads\/sites\/4\/2025\/05\/AI1MOD31_01_9092.jpg\",\"contentUrl\":\"https:\/\/www.gtline.com\/es\/wp-content\/uploads\/sites\/4\/2025\/05\/AI1MOD31_01_9092.jpg\",\"width\":500,\"height\":500},{\"@type\":\"BreadcrumbList\",\"@id\":\"https:\/\/www.gtline.com\/es\/products\/gt-line-maleta-porta-herramientas-aimod31\/#breadcrumb\",\"itemListElement\":[{\"@type\":\"ListItem\",\"position\":1,\"name\":\"Home\",\"item\":\"https:\/\/www.gtline.com\/es\/\"},{\"@type\":\"ListItem\",\"position\":2,\"name\":\"Shop\",\"item\":\"https:\/\/www.gtline.com\/es\/negozio\/\"},{\"@type\":\"ListItem\",\"position\":3,\"name\":\"GT Line Maleta Porta herramientas AIMOD31\"}]},{\"@type\":\"WebSite\",\"@id\":\"https:\/\/www.gtline.com\/es\/#website\",\"url\":\"https:\/\/www.gtline.com\/es\/\",\"name\":\"Gt Line\",\"description\":\"\",\"publisher\":{\"@id\":\"https:\/\/www.gtline.com\/es\/#organization\"},\"potentialAction\":[{\"@type\":\"SearchAction\",\"target\":{\"@type\":\"EntryPoint\",\"urlTemplate\":\"https:\/\/www.gtline.com\/es\/?s={search_term_string}\"},\"query-input\":{\"@type\":\"PropertyValueSpecification\",\"valueRequired\":true,\"valueName\":\"search_term_string\"}}],\"inLanguage\":\"es\"},{\"@type\":\"Organization\",\"@id\":\"https:\/\/www.gtline.com\/es\/#organization\",\"name\":\"Gt Line\",\"url\":\"https:\/\/www.gtline.com\/es\/\",\"logo\":{\"@type\":\"ImageObject\",\"inLanguage\":\"es\",\"@id\":\"https:\/\/www.gtline.com\/es\/#\/schema\/logo\/image\/\",\"url\":\"https:\/\/www.gtline.com\/es\/wp-content\/uploads\/sites\/4\/2025\/02\/logo.png\",\"contentUrl\":\"https:\/\/www.gtline.com\/es\/wp-content\/uploads\/sites\/4\/2025\/02\/logo.png\",\"width\":228,\"height\":146,\"caption\":\"Gt Line\"},\"image\":{\"@id\":\"https:\/\/www.gtline.com\/es\/#\/schema\/logo\/image\/\"},\"sameAs\":[\"https:\/\/www.facebook.com\/gtlinesrl?locale=it_IT\",\"https:\/\/www.instagram.com\/gt_line_srl\/\",\"https:\/\/www.youtube.com\/channel\/UCDvpkFqswNJOVFz64PkYRQQ\",\"https:\/\/www.linkedin.com\/company\/gt-line-srl\/\"]}]}<\/script>\n<!-- \/ Yoast SEO plugin. -->","yoast_head_json":{"title":"Maleta para Herramientas AI1MOD31 | GT Line","description":"Maleta para herramientas AI1MOD31 con capacidad mayor, estructura reforzada y organizaci\u00f3n superior para trabajos intensos y frecuentes.","robots":{"index":"index","follow":"follow","max-snippet":"max-snippet:-1","max-image-preview":"max-image-preview:large","max-video-preview":"max-video-preview:-1"},"canonical":"https:\/\/www.gtline.com\/es\/products\/gt-line-maleta-porta-herramientas-aimod31\/","og_locale":"es_ES","og_type":"article","og_title":"Maleta para Herramientas AI1MOD31 | GT Line","og_description":"Maleta para herramientas AI1MOD31 con capacidad mayor, estructura reforzada y organizaci\u00f3n superior para trabajos intensos y frecuentes.","og_url":"https:\/\/www.gtline.com\/es\/products\/gt-line-maleta-porta-herramientas-aimod31\/","og_site_name":"Gt Line ES","article_publisher":"https:\/\/www.facebook.com\/gtlinesrl?locale=it_IT","article_modified_time":"2026-04-17T03:11:32+00:00","og_image":[{"width":500,"height":500,"url":"https:\/\/www.gtline.com\/es\/wp-content\/uploads\/sites\/4\/2025\/05\/AI1MOD31_01_9092.jpg","type":"image\/jpeg"}],"twitter_card":"summary_large_image","twitter_misc":{"Tiempo de lectura":"2 minutos"},"schema":{"@context":"https:\/\/schema.org","@graph":[{"@type":"WebPage","@id":"https:\/\/www.gtline.com\/es\/products\/gt-line-maleta-porta-herramientas-aimod31\/","url":"https:\/\/www.gtline.com\/es\/products\/gt-line-maleta-porta-herramientas-aimod31\/","name":"Maleta para Herramientas AI1MOD31 | GT Line","isPartOf":{"@id":"https:\/\/www.gtline.com\/es\/#website"},"primaryImageOfPage":{"@id":"https:\/\/www.gtline.com\/es\/products\/gt-line-maleta-porta-herramientas-aimod31\/#primaryimage"},"image":{"@id":"https:\/\/www.gtline.com\/es\/products\/gt-line-maleta-porta-herramientas-aimod31\/#primaryimage"},"thumbnailUrl":"https:\/\/www.gtline.com\/es\/wp-content\/uploads\/sites\/4\/2025\/05\/AI1MOD31_01_9092.jpg","datePublished":"2025-07-21T10:27:19+00:00","dateModified":"2026-04-17T03:11:32+00:00","description":"Maleta para herramientas AI1MOD31 con capacidad mayor, estructura reforzada y organizaci\u00f3n superior para trabajos intensos y frecuentes.","breadcrumb":{"@id":"https:\/\/www.gtline.com\/es\/products\/gt-line-maleta-porta-herramientas-aimod31\/#breadcrumb"},"inLanguage":"es","potentialAction":[{"@type":"ReadAction","target":["https:\/\/www.gtline.com\/es\/products\/gt-line-maleta-porta-herramientas-aimod31\/"]}]},{"@type":"ImageObject","inLanguage":"es","@id":"https:\/\/www.gtline.com\/es\/products\/gt-line-maleta-porta-herramientas-aimod31\/#primaryimage","url":"https:\/\/www.gtline.com\/es\/wp-content\/uploads\/sites\/4\/2025\/05\/AI1MOD31_01_9092.jpg","contentUrl":"https:\/\/www.gtline.com\/es\/wp-content\/uploads\/sites\/4\/2025\/05\/AI1MOD31_01_9092.jpg","width":500,"height":500},{"@type":"BreadcrumbList","@id":"https:\/\/www.gtline.com\/es\/products\/gt-line-maleta-porta-herramientas-aimod31\/#breadcrumb","itemListElement":[{"@type":"ListItem","position":1,"name":"Home","item":"https:\/\/www.gtline.com\/es\/"},{"@type":"ListItem","position":2,"name":"Shop","item":"https:\/\/www.gtline.com\/es\/negozio\/"},{"@type":"ListItem","position":3,"name":"GT Line Maleta Porta herramientas AIMOD31"}]},{"@type":"WebSite","@id":"https:\/\/www.gtline.com\/es\/#website","url":"https:\/\/www.gtline.com\/es\/","name":"Gt Line","description":"","publisher":{"@id":"https:\/\/www.gtline.com\/es\/#organization"},"potentialAction":[{"@type":"SearchAction","target":{"@type":"EntryPoint","urlTemplate":"https:\/\/www.gtline.com\/es\/?s={search_term_string}"},"query-input":{"@type":"PropertyValueSpecification","valueRequired":true,"valueName":"search_term_string"}}],"inLanguage":"es"},{"@type":"Organization","@id":"https:\/\/www.gtline.com\/es\/#organization","name":"Gt Line","url":"https:\/\/www.gtline.com\/es\/","logo":{"@type":"ImageObject","inLanguage":"es","@id":"https:\/\/www.gtline.com\/es\/#\/schema\/logo\/image\/","url":"https:\/\/www.gtline.com\/es\/wp-content\/uploads\/sites\/4\/2025\/02\/logo.png","contentUrl":"https:\/\/www.gtline.com\/es\/wp-content\/uploads\/sites\/4\/2025\/02\/logo.png","width":228,"height":146,"caption":"Gt Line"},"image":{"@id":"https:\/\/www.gtline.com\/es\/#\/schema\/logo\/image\/"},"sameAs":["https:\/\/www.facebook.com\/gtlinesrl?locale=it_IT","https:\/\/www.instagram.com\/gt_line_srl\/","https:\/\/www.youtube.com\/channel\/UCDvpkFqswNJOVFz64PkYRQQ","https:\/\/www.linkedin.com\/company\/gt-line-srl\/"]}]}},"_links":{"self":[{"href":"https:\/\/www.gtline.com\/es\/wp-json\/wp\/v2\/product\/16335","targetHints":{"allow":["GET"]}}],"collection":[{"href":"https:\/\/www.gtline.com\/es\/wp-json\/wp\/v2\/product"}],"about":[{"href":"https:\/\/www.gtline.com\/es\/wp-json\/wp\/v2\/types\/product"}],"replies":[{"embeddable":true,"href":"https:\/\/www.gtline.com\/es\/wp-json\/wp\/v2\/comments?post=16335"}],"version-history":[{"count":3,"href":"https:\/\/www.gtline.com\/es\/wp-json\/wp\/v2\/product\/16335\/revisions"}],"predecessor-version":[{"id":23116,"href":"https:\/\/www.gtline.com\/es\/wp-json\/wp\/v2\/product\/16335\/revisions\/23116"}],"wp:featuredmedia":[{"embeddable":true,"href":"https:\/\/www.gtline.com\/es\/wp-json\/wp\/v2\/media\/9186"}],"wp:attachment":[{"href":"https:\/\/www.gtline.com\/es\/wp-json\/wp\/v2\/media?parent=16335"}],"wp:term":[{"taxonomy":"product_brand","embeddable":true,"href":"https:\/\/www.gtline.com\/es\/wp-json\/wp\/v2\/product_brand?post=16335"},{"taxonomy":"product_cat","embeddable":true,"href":"https:\/\/www.gtline.com\/es\/wp-json\/wp\/v2\/product_cat?post=16335"},{"taxonomy":"product_tag","embeddable":true,"href":"https:\/\/www.gtline.com\/es\/wp-json\/wp\/v2\/product_tag?post=16335"}],"curies":[{"name":"wp","href":"https:\/\/api.w.org\/{rel}","templated":true}]}}