{"id":16338,"date":"2025-07-21T10:27:30","date_gmt":"2025-07-21T10:27:30","guid":{"rendered":"https:\/\/www.gtline.com\/es\/prodotto\/gt-line-tapa-profesional-ai1lid-para-maleta-porta-herramientas-all-in-one\/"},"modified":"2026-04-17T03:11:42","modified_gmt":"2026-04-17T03:11:42","slug":"gt-line-tapa-profesional-ai1lid-para-maleta-porta-herramientas-all-in-one","status":"publish","type":"product","link":"https:\/\/www.gtline.com\/es\/products\/gt-line-tapa-profesional-ai1lid-para-maleta-porta-herramientas-all-in-one\/","title":{"rendered":"GT Line Tapa Profesional AI1LID para Maleta Porta Herramientas ALL IN ONE"},"content":{"rendered":"<p>1. Compatibilidad inmediata con los modelos ALL IN ONE existentes<br \/>\nLa tapa AI1LID le permite actualizar r\u00e1pidamente los carros ALL IN ONE de generaciones anteriores, haci\u00e9ndolos totalmente compatibles con los m\u00f3dulos AI1MOD y ampliando as\u00ed su funcionalidad.<\/p>\n<p>2. Sistema de apilamiento patentado para conexiones seguras<br \/>\nGracias al sistema de bloqueo patentado integrado, los m\u00f3dulos se pueden apilar de forma segura y r\u00e1pida, creando una estructura s\u00f3lida y profesional adecuada para cualquier entorno de trabajo.<\/p>\n<p>3. Expansi\u00f3n modular ilimitada<br \/>\nLa tapa transforma una simple caja de herramientas en un contenedor profesional modular, listo para crecer con sus necesidades, con la opci\u00f3n de apilar varios m\u00f3dulos compatibles.<\/p>\n<p>4. Estructura ligera pero ultrarresistente<br \/>\nFabricado en polipropileno resistente a los impactos mediante tecnolog\u00eda de moldeo por inyecci\u00f3n, ofrece el equilibrio adecuado entre resistencia y ligereza (solo 1,50 kg), lo que garantiza un alto rendimiento incluso en entornos de trabajo exigentes.<\/p>\n","protected":false},"excerpt":{"rendered":"<p>La funda AI1LID es el accesorio esencial para aquellos que buscan actualizar los modelos anteriores del sistema ALL IN ONE y hacerlos totalmente compatibles con el nuevo sistema modular AI1MOD de GT Line. <br \/> <br \/>\nDise\u00f1ada como una parte integral de un contenedor profesional modular, esta cubierta permite el apilamiento seguro y r\u00e1pido de nuevos m\u00f3dulos, convirtiendo una simple caja de herramientas en un sistema de transporte avanzado, expandible y totalmente personalizable. <br \/> <br \/>\nFabricado en polipropileno de alta resistencia, es ligero, compacto e ideal para los profesionales en movimiento que necesitan soluciones duraderas, fiables y modulares. <br \/> <br \/>\nCon AI1LID, su caja de herramientas evoluciona para satisfacer las demandas del profesional moderno.<\/p>\n","protected":false},"featured_media":9198,"comment_status":"open","ping_status":"closed","template":"","meta":{"_acf_changed":false},"product_brand":[],"product_cat":[231,227],"product_tag":[],"class_list":{"0":"post-16338","1":"product","2":"type-product","3":"status-publish","4":"has-post-thumbnail","6":"product_cat-impilabili","7":"product_cat-accesorios","8":"pa_aplicaciones-maletas-y-bolsas-para-el-sector-aeroespacial-mro","9":"pa_aplicaciones-maletas-y-bolsas-para-electricistas","10":"pa_aplicaciones-maletas-y-bolsas-para-fontaneros","11":"pa_aplicaciones-maletas-y-bolsas-para-mantenedores","12":"pa_aplicaciones-maletas-y-bolsas-para-tecnicos-de-campo","13":"pa_aplicaciones-todas","14":"pa_tipo-de-producto-maletas-para-herramientas","15":"pa_tipo-de-producto-all-in-one-modular-system","17":"first","18":"instock","19":"shipping-taxable","20":"purchasable","21":"product-type-simple"},"acf":[],"yoast_head":"<!-- This site is optimized with the Yoast SEO plugin v25.4 - https:\/\/yoast.com\/wordpress\/plugins\/seo\/ -->\n<title>Tapa Profesional AI1LID para Maleta AI1 | GT Line<\/title>\n<meta name=\"description\" content=\"Tapa profesional AI1LID para maleta AI1 con cierre s\u00f3lido y dise\u00f1o robusto que protege herramientas y mejora la durabilidad en uso intensivo.\" \/>\n<meta name=\"robots\" content=\"index, follow, max-snippet:-1, max-image-preview:large, max-video-preview:-1\" \/>\n<link rel=\"canonical\" href=\"https:\/\/www.gtline.com\/es\/products\/gt-line-tapa-profesional-ai1lid-para-maleta-porta-herramientas-all-in-one\/\" \/>\n<meta property=\"og:locale\" content=\"es_ES\" \/>\n<meta property=\"og:type\" content=\"article\" \/>\n<meta property=\"og:title\" content=\"Tapa Profesional AI1LID para Maleta AI1 | GT Line\" \/>\n<meta property=\"og:description\" content=\"Tapa profesional AI1LID para maleta AI1 con cierre s\u00f3lido y dise\u00f1o robusto que protege herramientas y mejora la durabilidad en uso intensivo.\" \/>\n<meta property=\"og:url\" content=\"https:\/\/www.gtline.com\/es\/products\/gt-line-tapa-profesional-ai1lid-para-maleta-porta-herramientas-all-in-one\/\" \/>\n<meta property=\"og:site_name\" content=\"Gt Line ES\" \/>\n<meta property=\"article:publisher\" content=\"https:\/\/www.facebook.com\/gtlinesrl?locale=it_IT\" \/>\n<meta property=\"article:modified_time\" content=\"2026-04-17T03:11:42+00:00\" \/>\n<meta property=\"og:image\" content=\"https:\/\/www.gtline.com\/es\/wp-content\/uploads\/sites\/4\/2025\/05\/AI1LID1_9094.jpg\" \/>\n\t<meta property=\"og:image:width\" content=\"500\" \/>\n\t<meta property=\"og:image:height\" content=\"500\" \/>\n\t<meta property=\"og:image:type\" content=\"image\/jpeg\" \/>\n<meta name=\"twitter:card\" content=\"summary_large_image\" \/>\n<meta name=\"twitter:label1\" content=\"Tiempo de lectura\" \/>\n\t<meta name=\"twitter:data1\" content=\"1 minuto\" \/>\n<script type=\"application\/ld+json\" class=\"yoast-schema-graph\">{\"@context\":\"https:\/\/schema.org\",\"@graph\":[{\"@type\":\"WebPage\",\"@id\":\"https:\/\/www.gtline.com\/es\/products\/gt-line-tapa-profesional-ai1lid-para-maleta-porta-herramientas-all-in-one\/\",\"url\":\"https:\/\/www.gtline.com\/es\/products\/gt-line-tapa-profesional-ai1lid-para-maleta-porta-herramientas-all-in-one\/\",\"name\":\"Tapa Profesional AI1LID para Maleta AI1 | GT Line\",\"isPartOf\":{\"@id\":\"https:\/\/www.gtline.com\/es\/#website\"},\"primaryImageOfPage\":{\"@id\":\"https:\/\/www.gtline.com\/es\/products\/gt-line-tapa-profesional-ai1lid-para-maleta-porta-herramientas-all-in-one\/#primaryimage\"},\"image\":{\"@id\":\"https:\/\/www.gtline.com\/es\/products\/gt-line-tapa-profesional-ai1lid-para-maleta-porta-herramientas-all-in-one\/#primaryimage\"},\"thumbnailUrl\":\"https:\/\/www.gtline.com\/es\/wp-content\/uploads\/sites\/4\/2025\/05\/AI1LID1_9094.jpg\",\"datePublished\":\"2025-07-21T10:27:30+00:00\",\"dateModified\":\"2026-04-17T03:11:42+00:00\",\"description\":\"Tapa profesional AI1LID para maleta AI1 con cierre s\u00f3lido y dise\u00f1o robusto que protege herramientas y mejora la durabilidad en uso intensivo.\",\"breadcrumb\":{\"@id\":\"https:\/\/www.gtline.com\/es\/products\/gt-line-tapa-profesional-ai1lid-para-maleta-porta-herramientas-all-in-one\/#breadcrumb\"},\"inLanguage\":\"es\",\"potentialAction\":[{\"@type\":\"ReadAction\",\"target\":[\"https:\/\/www.gtline.com\/es\/products\/gt-line-tapa-profesional-ai1lid-para-maleta-porta-herramientas-all-in-one\/\"]}]},{\"@type\":\"ImageObject\",\"inLanguage\":\"es\",\"@id\":\"https:\/\/www.gtline.com\/es\/products\/gt-line-tapa-profesional-ai1lid-para-maleta-porta-herramientas-all-in-one\/#primaryimage\",\"url\":\"https:\/\/www.gtline.com\/es\/wp-content\/uploads\/sites\/4\/2025\/05\/AI1LID1_9094.jpg\",\"contentUrl\":\"https:\/\/www.gtline.com\/es\/wp-content\/uploads\/sites\/4\/2025\/05\/AI1LID1_9094.jpg\",\"width\":500,\"height\":500},{\"@type\":\"BreadcrumbList\",\"@id\":\"https:\/\/www.gtline.com\/es\/products\/gt-line-tapa-profesional-ai1lid-para-maleta-porta-herramientas-all-in-one\/#breadcrumb\",\"itemListElement\":[{\"@type\":\"ListItem\",\"position\":1,\"name\":\"Home\",\"item\":\"https:\/\/www.gtline.com\/es\/\"},{\"@type\":\"ListItem\",\"position\":2,\"name\":\"Shop\",\"item\":\"https:\/\/www.gtline.com\/es\/negozio\/\"},{\"@type\":\"ListItem\",\"position\":3,\"name\":\"GT Line Tapa Profesional AI1LID para Maleta Porta Herramientas ALL IN ONE\"}]},{\"@type\":\"WebSite\",\"@id\":\"https:\/\/www.gtline.com\/es\/#website\",\"url\":\"https:\/\/www.gtline.com\/es\/\",\"name\":\"Gt Line\",\"description\":\"\",\"publisher\":{\"@id\":\"https:\/\/www.gtline.com\/es\/#organization\"},\"potentialAction\":[{\"@type\":\"SearchAction\",\"target\":{\"@type\":\"EntryPoint\",\"urlTemplate\":\"https:\/\/www.gtline.com\/es\/?s={search_term_string}\"},\"query-input\":{\"@type\":\"PropertyValueSpecification\",\"valueRequired\":true,\"valueName\":\"search_term_string\"}}],\"inLanguage\":\"es\"},{\"@type\":\"Organization\",\"@id\":\"https:\/\/www.gtline.com\/es\/#organization\",\"name\":\"Gt Line\",\"url\":\"https:\/\/www.gtline.com\/es\/\",\"logo\":{\"@type\":\"ImageObject\",\"inLanguage\":\"es\",\"@id\":\"https:\/\/www.gtline.com\/es\/#\/schema\/logo\/image\/\",\"url\":\"https:\/\/www.gtline.com\/es\/wp-content\/uploads\/sites\/4\/2025\/02\/logo.png\",\"contentUrl\":\"https:\/\/www.gtline.com\/es\/wp-content\/uploads\/sites\/4\/2025\/02\/logo.png\",\"width\":228,\"height\":146,\"caption\":\"Gt Line\"},\"image\":{\"@id\":\"https:\/\/www.gtline.com\/es\/#\/schema\/logo\/image\/\"},\"sameAs\":[\"https:\/\/www.facebook.com\/gtlinesrl?locale=it_IT\",\"https:\/\/www.instagram.com\/gt_line_srl\/\",\"https:\/\/www.youtube.com\/channel\/UCDvpkFqswNJOVFz64PkYRQQ\",\"https:\/\/www.linkedin.com\/company\/gt-line-srl\/\"]}]}<\/script>\n<!-- \/ Yoast SEO plugin. -->","yoast_head_json":{"title":"Tapa Profesional AI1LID para Maleta AI1 | GT Line","description":"Tapa profesional AI1LID para maleta AI1 con cierre s\u00f3lido y dise\u00f1o robusto que protege herramientas y mejora la durabilidad en uso intensivo.","robots":{"index":"index","follow":"follow","max-snippet":"max-snippet:-1","max-image-preview":"max-image-preview:large","max-video-preview":"max-video-preview:-1"},"canonical":"https:\/\/www.gtline.com\/es\/products\/gt-line-tapa-profesional-ai1lid-para-maleta-porta-herramientas-all-in-one\/","og_locale":"es_ES","og_type":"article","og_title":"Tapa Profesional AI1LID para Maleta AI1 | GT Line","og_description":"Tapa profesional AI1LID para maleta AI1 con cierre s\u00f3lido y dise\u00f1o robusto que protege herramientas y mejora la durabilidad en uso intensivo.","og_url":"https:\/\/www.gtline.com\/es\/products\/gt-line-tapa-profesional-ai1lid-para-maleta-porta-herramientas-all-in-one\/","og_site_name":"Gt Line ES","article_publisher":"https:\/\/www.facebook.com\/gtlinesrl?locale=it_IT","article_modified_time":"2026-04-17T03:11:42+00:00","og_image":[{"width":500,"height":500,"url":"https:\/\/www.gtline.com\/es\/wp-content\/uploads\/sites\/4\/2025\/05\/AI1LID1_9094.jpg","type":"image\/jpeg"}],"twitter_card":"summary_large_image","twitter_misc":{"Tiempo de lectura":"1 minuto"},"schema":{"@context":"https:\/\/schema.org","@graph":[{"@type":"WebPage","@id":"https:\/\/www.gtline.com\/es\/products\/gt-line-tapa-profesional-ai1lid-para-maleta-porta-herramientas-all-in-one\/","url":"https:\/\/www.gtline.com\/es\/products\/gt-line-tapa-profesional-ai1lid-para-maleta-porta-herramientas-all-in-one\/","name":"Tapa Profesional AI1LID para Maleta AI1 | GT Line","isPartOf":{"@id":"https:\/\/www.gtline.com\/es\/#website"},"primaryImageOfPage":{"@id":"https:\/\/www.gtline.com\/es\/products\/gt-line-tapa-profesional-ai1lid-para-maleta-porta-herramientas-all-in-one\/#primaryimage"},"image":{"@id":"https:\/\/www.gtline.com\/es\/products\/gt-line-tapa-profesional-ai1lid-para-maleta-porta-herramientas-all-in-one\/#primaryimage"},"thumbnailUrl":"https:\/\/www.gtline.com\/es\/wp-content\/uploads\/sites\/4\/2025\/05\/AI1LID1_9094.jpg","datePublished":"2025-07-21T10:27:30+00:00","dateModified":"2026-04-17T03:11:42+00:00","description":"Tapa profesional AI1LID para maleta AI1 con cierre s\u00f3lido y dise\u00f1o robusto que protege herramientas y mejora la durabilidad en uso intensivo.","breadcrumb":{"@id":"https:\/\/www.gtline.com\/es\/products\/gt-line-tapa-profesional-ai1lid-para-maleta-porta-herramientas-all-in-one\/#breadcrumb"},"inLanguage":"es","potentialAction":[{"@type":"ReadAction","target":["https:\/\/www.gtline.com\/es\/products\/gt-line-tapa-profesional-ai1lid-para-maleta-porta-herramientas-all-in-one\/"]}]},{"@type":"ImageObject","inLanguage":"es","@id":"https:\/\/www.gtline.com\/es\/products\/gt-line-tapa-profesional-ai1lid-para-maleta-porta-herramientas-all-in-one\/#primaryimage","url":"https:\/\/www.gtline.com\/es\/wp-content\/uploads\/sites\/4\/2025\/05\/AI1LID1_9094.jpg","contentUrl":"https:\/\/www.gtline.com\/es\/wp-content\/uploads\/sites\/4\/2025\/05\/AI1LID1_9094.jpg","width":500,"height":500},{"@type":"BreadcrumbList","@id":"https:\/\/www.gtline.com\/es\/products\/gt-line-tapa-profesional-ai1lid-para-maleta-porta-herramientas-all-in-one\/#breadcrumb","itemListElement":[{"@type":"ListItem","position":1,"name":"Home","item":"https:\/\/www.gtline.com\/es\/"},{"@type":"ListItem","position":2,"name":"Shop","item":"https:\/\/www.gtline.com\/es\/negozio\/"},{"@type":"ListItem","position":3,"name":"GT Line Tapa Profesional AI1LID para Maleta Porta Herramientas ALL IN ONE"}]},{"@type":"WebSite","@id":"https:\/\/www.gtline.com\/es\/#website","url":"https:\/\/www.gtline.com\/es\/","name":"Gt Line","description":"","publisher":{"@id":"https:\/\/www.gtline.com\/es\/#organization"},"potentialAction":[{"@type":"SearchAction","target":{"@type":"EntryPoint","urlTemplate":"https:\/\/www.gtline.com\/es\/?s={search_term_string}"},"query-input":{"@type":"PropertyValueSpecification","valueRequired":true,"valueName":"search_term_string"}}],"inLanguage":"es"},{"@type":"Organization","@id":"https:\/\/www.gtline.com\/es\/#organization","name":"Gt Line","url":"https:\/\/www.gtline.com\/es\/","logo":{"@type":"ImageObject","inLanguage":"es","@id":"https:\/\/www.gtline.com\/es\/#\/schema\/logo\/image\/","url":"https:\/\/www.gtline.com\/es\/wp-content\/uploads\/sites\/4\/2025\/02\/logo.png","contentUrl":"https:\/\/www.gtline.com\/es\/wp-content\/uploads\/sites\/4\/2025\/02\/logo.png","width":228,"height":146,"caption":"Gt Line"},"image":{"@id":"https:\/\/www.gtline.com\/es\/#\/schema\/logo\/image\/"},"sameAs":["https:\/\/www.facebook.com\/gtlinesrl?locale=it_IT","https:\/\/www.instagram.com\/gt_line_srl\/","https:\/\/www.youtube.com\/channel\/UCDvpkFqswNJOVFz64PkYRQQ","https:\/\/www.linkedin.com\/company\/gt-line-srl\/"]}]}},"_links":{"self":[{"href":"https:\/\/www.gtline.com\/es\/wp-json\/wp\/v2\/product\/16338","targetHints":{"allow":["GET"]}}],"collection":[{"href":"https:\/\/www.gtline.com\/es\/wp-json\/wp\/v2\/product"}],"about":[{"href":"https:\/\/www.gtline.com\/es\/wp-json\/wp\/v2\/types\/product"}],"replies":[{"embeddable":true,"href":"https:\/\/www.gtline.com\/es\/wp-json\/wp\/v2\/comments?post=16338"}],"version-history":[{"count":3,"href":"https:\/\/www.gtline.com\/es\/wp-json\/wp\/v2\/product\/16338\/revisions"}],"predecessor-version":[{"id":23119,"href":"https:\/\/www.gtline.com\/es\/wp-json\/wp\/v2\/product\/16338\/revisions\/23119"}],"wp:featuredmedia":[{"embeddable":true,"href":"https:\/\/www.gtline.com\/es\/wp-json\/wp\/v2\/media\/9198"}],"wp:attachment":[{"href":"https:\/\/www.gtline.com\/es\/wp-json\/wp\/v2\/media?parent=16338"}],"wp:term":[{"taxonomy":"product_brand","embeddable":true,"href":"https:\/\/www.gtline.com\/es\/wp-json\/wp\/v2\/product_brand?post=16338"},{"taxonomy":"product_cat","embeddable":true,"href":"https:\/\/www.gtline.com\/es\/wp-json\/wp\/v2\/product_cat?post=16338"},{"taxonomy":"product_tag","embeddable":true,"href":"https:\/\/www.gtline.com\/es\/wp-json\/wp\/v2\/product_tag?post=16338"}],"curies":[{"name":"wp","href":"https:\/\/api.w.org\/{rel}","templated":true}]}}