{"id":16347,"date":"2025-07-21T10:27:56","date_gmt":"2025-07-21T10:27:56","guid":{"rendered":"https:\/\/www.gtline.com\/es\/prodotto\/gt-line-trolley-porta-herramientas-ai1x-b-lmt\/"},"modified":"2026-04-17T03:12:11","modified_gmt":"2026-04-17T03:12:11","slug":"gt-line-trolley-porta-herramientas-ai1x-b-lmt","status":"publish","type":"product","link":"https:\/\/www.gtline.com\/es\/products\/gt-line-trolley-porta-herramientas-ai1x-b-lmt\/","title":{"rendered":"GT Line Trolley Porta herramientas AI1X.B.LMT"},"content":{"rendered":"<p>1. Estructura ultrarresistente y ligera para entornos dif\u00edciles<br \/> Fabricada en polipropileno de alta densidad, esta caja de herramientas garantiza resistencia a los impactos, ligereza y durabilidad, incluso en las condiciones de funcionamiento m\u00e1s exigentes. <\/p>\n<p>2. Configuraci\u00f3n modular para una organizaci\u00f3n personalizada<br \/> De 3 a 8 cajones frontales extra\u00edbles de diferentes alturas (30, 60, 95 mm) le permiten crear un dise\u00f1o personalizado con espuma precortada, contenedores de piezas peque\u00f1as o paneles de herramientas. <\/p>\n<p>3. Acceso seguro e inmediato a las herramientas<br \/> Los cajones est\u00e1n equipados con un sistema de bloqueo que evita aperturas accidentales, proporcionando orden y rapidez durante las operaciones diarias. <\/p>\n<p>4. Cerradura de llave centralizada para m\u00e1xima seguridad<br \/> El sistema de cierre centralizado permite el bloqueo simult\u00e1neo de las tapas superior y frontal, protegiendo el contenido de aperturas no deseadas. <\/p>\n<p>5. Tecnolog\u00eda INTELLIRESPOND para una gesti\u00f3n inteligente<br \/> Controle y gestione digitalmente el contenido de su caja de herramientas con la aplicaci\u00f3n gratuita INTELLIRESPOND. Visite www.intellirespond.com para obtener m\u00e1s informaci\u00f3n. <\/p>\n<p>6. Movilidad sin concesiones<br \/> Gracias al asa telesc\u00f3pica, las dos asas laterales y las cuatro robustas ruedas silenciosas autolubricantes, el carro es f\u00e1cil de transportar a cualquier lugar, incluso a largas distancias. <\/p>\n<p>7. Organizaci\u00f3n perfecta de las piezas peque\u00f1as<br \/> El malet\u00edn incluye 5 cajones para piezas peque\u00f1as (2 x WL01 con 6 compartimentos, 2 x WL02 con 13 compartimentos, 1 x WL04 con 10 compartimentos) y una bandeja superior extra\u00edble para componentes y accesorios m\u00e1s grandes. <\/p>\n<p>8. Estructura expandible con sistema patentado AI1MOD<br \/> La nueva tapa est\u00e1 dise\u00f1ada con un sistema de apilamiento patentado para acoplar m\u00f3dulos AI1MOD, aumentando la capacidad y flexibilidad del contenedor. <\/p>\n<p>9. Detalles funcionales para un uso diario eficiente<br \/> Equipado con un soporte para etiquetas de identificaci\u00f3n, una etiqueta de identificaci\u00f3n de contenido, cerraduras de doble palanca y puntos listos para candados, este estuche de herramientas est\u00e1 listo para cualquier desaf\u00edo en el campo.<\/p>\n","protected":false},"excerpt":{"rendered":"<p>El AI1X. B.LMT es un malet\u00edn de herramientas profesional dise\u00f1ado para ofrecer la m\u00e1xima comodidad y protecci\u00f3n durante el transporte de herramientas manuales, herramientas el\u00e9ctricas y piezas peque\u00f1as. <br \/> <br \/>\nFabricado en robusto polipropileno moldeado por inyecci\u00f3n, este contenedor profesional est\u00e1 dise\u00f1ado para entornos de trabajo extremos y durabilidad a largo plazo. <br \/> <br \/>\nGracias a su estructura modular con cajones configurables, sistema de cierre seguro y accesorios opcionales, el AI1X. B.LMT se convierte en una herramienta indispensable para los t\u00e9cnicos m\u00e1s exigentes. <br \/> <br \/>\nCon la tecnolog\u00eda INTELLIRESPOND integrada, los profesionales pueden monitorear de manera inteligente y digital el contenido de su caja de herramientas.<\/p>\n","protected":false},"featured_media":9217,"comment_status":"open","ping_status":"closed","template":"","meta":{"_acf_changed":false},"product_brand":[],"product_cat":[229],"product_tag":[],"class_list":{"0":"post-16347","1":"product","2":"type-product","3":"status-publish","4":"has-post-thumbnail","6":"product_cat-tool-chest","7":"pa_aplicaciones-maletas-y-bolsas-para-el-sector-aeroespacial-mro","8":"pa_aplicaciones-maletas-y-bolsas-para-electricistas","9":"pa_aplicaciones-maletas-y-bolsas-para-fontaneros","10":"pa_aplicaciones-maletas-y-bolsas-para-mantenedores","11":"pa_aplicaciones-maletas-y-bolsas-para-tecnicos-de-campo","12":"pa_aplicaciones-todas","13":"pa_tipo-de-producto-maletas-para-herramientas","14":"pa_tipo-de-producto-all-in-one-modular-system","16":"first","17":"instock","18":"shipping-taxable","19":"purchasable","20":"product-type-simple"},"acf":[],"yoast_head":"<!-- This site is optimized with the Yoast SEO plugin v25.4 - https:\/\/yoast.com\/wordpress\/plugins\/seo\/ -->\n<title>Trolley Porta Herramientas AI1X-B LMT | GT Line<\/title>\n<meta name=\"description\" content=\"AI1X-B LMT con mayor capacidad y estructura resistente para transportar herramientas con seguridad y eficiencia en cada desplazamiento.\" \/>\n<meta name=\"robots\" content=\"index, follow, max-snippet:-1, max-image-preview:large, max-video-preview:-1\" \/>\n<link rel=\"canonical\" href=\"https:\/\/www.gtline.com\/es\/products\/gt-line-trolley-porta-herramientas-ai1x-b-lmt\/\" \/>\n<meta property=\"og:locale\" content=\"es_ES\" \/>\n<meta property=\"og:type\" content=\"article\" \/>\n<meta property=\"og:title\" content=\"Trolley Porta Herramientas AI1X-B LMT | GT Line\" \/>\n<meta property=\"og:description\" content=\"AI1X-B LMT con mayor capacidad y estructura resistente para transportar herramientas con seguridad y eficiencia en cada desplazamiento.\" \/>\n<meta property=\"og:url\" content=\"https:\/\/www.gtline.com\/es\/products\/gt-line-trolley-porta-herramientas-ai1x-b-lmt\/\" \/>\n<meta property=\"og:site_name\" content=\"Gt Line ES\" \/>\n<meta property=\"article:publisher\" content=\"https:\/\/www.facebook.com\/gtlinesrl?locale=it_IT\" \/>\n<meta property=\"article:modified_time\" content=\"2026-04-17T03:12:11+00:00\" \/>\n<meta property=\"og:image\" content=\"https:\/\/www.gtline.com\/es\/wp-content\/uploads\/sites\/4\/2025\/05\/AI1X.B.2MT_03_9120.jpg\" \/>\n\t<meta property=\"og:image:width\" content=\"500\" \/>\n\t<meta property=\"og:image:height\" content=\"500\" \/>\n\t<meta property=\"og:image:type\" content=\"image\/jpeg\" \/>\n<meta name=\"twitter:card\" content=\"summary_large_image\" \/>\n<meta name=\"twitter:label1\" content=\"Tiempo de lectura\" \/>\n\t<meta name=\"twitter:data1\" content=\"2 minutos\" \/>\n<script type=\"application\/ld+json\" class=\"yoast-schema-graph\">{\"@context\":\"https:\/\/schema.org\",\"@graph\":[{\"@type\":\"WebPage\",\"@id\":\"https:\/\/www.gtline.com\/es\/products\/gt-line-trolley-porta-herramientas-ai1x-b-lmt\/\",\"url\":\"https:\/\/www.gtline.com\/es\/products\/gt-line-trolley-porta-herramientas-ai1x-b-lmt\/\",\"name\":\"Trolley Porta Herramientas AI1X-B LMT | GT Line\",\"isPartOf\":{\"@id\":\"https:\/\/www.gtline.com\/es\/#website\"},\"primaryImageOfPage\":{\"@id\":\"https:\/\/www.gtline.com\/es\/products\/gt-line-trolley-porta-herramientas-ai1x-b-lmt\/#primaryimage\"},\"image\":{\"@id\":\"https:\/\/www.gtline.com\/es\/products\/gt-line-trolley-porta-herramientas-ai1x-b-lmt\/#primaryimage\"},\"thumbnailUrl\":\"https:\/\/www.gtline.com\/es\/wp-content\/uploads\/sites\/4\/2025\/05\/AI1X.B.2MT_03_9120.jpg\",\"datePublished\":\"2025-07-21T10:27:56+00:00\",\"dateModified\":\"2026-04-17T03:12:11+00:00\",\"description\":\"AI1X-B LMT con mayor capacidad y estructura resistente para transportar herramientas con seguridad y eficiencia en cada desplazamiento.\",\"breadcrumb\":{\"@id\":\"https:\/\/www.gtline.com\/es\/products\/gt-line-trolley-porta-herramientas-ai1x-b-lmt\/#breadcrumb\"},\"inLanguage\":\"es\",\"potentialAction\":[{\"@type\":\"ReadAction\",\"target\":[\"https:\/\/www.gtline.com\/es\/products\/gt-line-trolley-porta-herramientas-ai1x-b-lmt\/\"]}]},{\"@type\":\"ImageObject\",\"inLanguage\":\"es\",\"@id\":\"https:\/\/www.gtline.com\/es\/products\/gt-line-trolley-porta-herramientas-ai1x-b-lmt\/#primaryimage\",\"url\":\"https:\/\/www.gtline.com\/es\/wp-content\/uploads\/sites\/4\/2025\/05\/AI1X.B.2MT_03_9120.jpg\",\"contentUrl\":\"https:\/\/www.gtline.com\/es\/wp-content\/uploads\/sites\/4\/2025\/05\/AI1X.B.2MT_03_9120.jpg\",\"width\":500,\"height\":500},{\"@type\":\"BreadcrumbList\",\"@id\":\"https:\/\/www.gtline.com\/es\/products\/gt-line-trolley-porta-herramientas-ai1x-b-lmt\/#breadcrumb\",\"itemListElement\":[{\"@type\":\"ListItem\",\"position\":1,\"name\":\"Home\",\"item\":\"https:\/\/www.gtline.com\/es\/\"},{\"@type\":\"ListItem\",\"position\":2,\"name\":\"Shop\",\"item\":\"https:\/\/www.gtline.com\/es\/negozio\/\"},{\"@type\":\"ListItem\",\"position\":3,\"name\":\"GT Line Trolley Porta herramientas AI1X.B.LMT\"}]},{\"@type\":\"WebSite\",\"@id\":\"https:\/\/www.gtline.com\/es\/#website\",\"url\":\"https:\/\/www.gtline.com\/es\/\",\"name\":\"Gt Line\",\"description\":\"\",\"publisher\":{\"@id\":\"https:\/\/www.gtline.com\/es\/#organization\"},\"potentialAction\":[{\"@type\":\"SearchAction\",\"target\":{\"@type\":\"EntryPoint\",\"urlTemplate\":\"https:\/\/www.gtline.com\/es\/?s={search_term_string}\"},\"query-input\":{\"@type\":\"PropertyValueSpecification\",\"valueRequired\":true,\"valueName\":\"search_term_string\"}}],\"inLanguage\":\"es\"},{\"@type\":\"Organization\",\"@id\":\"https:\/\/www.gtline.com\/es\/#organization\",\"name\":\"Gt Line\",\"url\":\"https:\/\/www.gtline.com\/es\/\",\"logo\":{\"@type\":\"ImageObject\",\"inLanguage\":\"es\",\"@id\":\"https:\/\/www.gtline.com\/es\/#\/schema\/logo\/image\/\",\"url\":\"https:\/\/www.gtline.com\/es\/wp-content\/uploads\/sites\/4\/2025\/02\/logo.png\",\"contentUrl\":\"https:\/\/www.gtline.com\/es\/wp-content\/uploads\/sites\/4\/2025\/02\/logo.png\",\"width\":228,\"height\":146,\"caption\":\"Gt Line\"},\"image\":{\"@id\":\"https:\/\/www.gtline.com\/es\/#\/schema\/logo\/image\/\"},\"sameAs\":[\"https:\/\/www.facebook.com\/gtlinesrl?locale=it_IT\",\"https:\/\/www.instagram.com\/gt_line_srl\/\",\"https:\/\/www.youtube.com\/channel\/UCDvpkFqswNJOVFz64PkYRQQ\",\"https:\/\/www.linkedin.com\/company\/gt-line-srl\/\"]}]}<\/script>\n<!-- \/ Yoast SEO plugin. -->","yoast_head_json":{"title":"Trolley Porta Herramientas AI1X-B LMT | GT Line","description":"AI1X-B LMT con mayor capacidad y estructura resistente para transportar herramientas con seguridad y eficiencia en cada desplazamiento.","robots":{"index":"index","follow":"follow","max-snippet":"max-snippet:-1","max-image-preview":"max-image-preview:large","max-video-preview":"max-video-preview:-1"},"canonical":"https:\/\/www.gtline.com\/es\/products\/gt-line-trolley-porta-herramientas-ai1x-b-lmt\/","og_locale":"es_ES","og_type":"article","og_title":"Trolley Porta Herramientas AI1X-B LMT | GT Line","og_description":"AI1X-B LMT con mayor capacidad y estructura resistente para transportar herramientas con seguridad y eficiencia en cada desplazamiento.","og_url":"https:\/\/www.gtline.com\/es\/products\/gt-line-trolley-porta-herramientas-ai1x-b-lmt\/","og_site_name":"Gt Line ES","article_publisher":"https:\/\/www.facebook.com\/gtlinesrl?locale=it_IT","article_modified_time":"2026-04-17T03:12:11+00:00","og_image":[{"width":500,"height":500,"url":"https:\/\/www.gtline.com\/es\/wp-content\/uploads\/sites\/4\/2025\/05\/AI1X.B.2MT_03_9120.jpg","type":"image\/jpeg"}],"twitter_card":"summary_large_image","twitter_misc":{"Tiempo de lectura":"2 minutos"},"schema":{"@context":"https:\/\/schema.org","@graph":[{"@type":"WebPage","@id":"https:\/\/www.gtline.com\/es\/products\/gt-line-trolley-porta-herramientas-ai1x-b-lmt\/","url":"https:\/\/www.gtline.com\/es\/products\/gt-line-trolley-porta-herramientas-ai1x-b-lmt\/","name":"Trolley Porta Herramientas AI1X-B LMT | GT Line","isPartOf":{"@id":"https:\/\/www.gtline.com\/es\/#website"},"primaryImageOfPage":{"@id":"https:\/\/www.gtline.com\/es\/products\/gt-line-trolley-porta-herramientas-ai1x-b-lmt\/#primaryimage"},"image":{"@id":"https:\/\/www.gtline.com\/es\/products\/gt-line-trolley-porta-herramientas-ai1x-b-lmt\/#primaryimage"},"thumbnailUrl":"https:\/\/www.gtline.com\/es\/wp-content\/uploads\/sites\/4\/2025\/05\/AI1X.B.2MT_03_9120.jpg","datePublished":"2025-07-21T10:27:56+00:00","dateModified":"2026-04-17T03:12:11+00:00","description":"AI1X-B LMT con mayor capacidad y estructura resistente para transportar herramientas con seguridad y eficiencia en cada desplazamiento.","breadcrumb":{"@id":"https:\/\/www.gtline.com\/es\/products\/gt-line-trolley-porta-herramientas-ai1x-b-lmt\/#breadcrumb"},"inLanguage":"es","potentialAction":[{"@type":"ReadAction","target":["https:\/\/www.gtline.com\/es\/products\/gt-line-trolley-porta-herramientas-ai1x-b-lmt\/"]}]},{"@type":"ImageObject","inLanguage":"es","@id":"https:\/\/www.gtline.com\/es\/products\/gt-line-trolley-porta-herramientas-ai1x-b-lmt\/#primaryimage","url":"https:\/\/www.gtline.com\/es\/wp-content\/uploads\/sites\/4\/2025\/05\/AI1X.B.2MT_03_9120.jpg","contentUrl":"https:\/\/www.gtline.com\/es\/wp-content\/uploads\/sites\/4\/2025\/05\/AI1X.B.2MT_03_9120.jpg","width":500,"height":500},{"@type":"BreadcrumbList","@id":"https:\/\/www.gtline.com\/es\/products\/gt-line-trolley-porta-herramientas-ai1x-b-lmt\/#breadcrumb","itemListElement":[{"@type":"ListItem","position":1,"name":"Home","item":"https:\/\/www.gtline.com\/es\/"},{"@type":"ListItem","position":2,"name":"Shop","item":"https:\/\/www.gtline.com\/es\/negozio\/"},{"@type":"ListItem","position":3,"name":"GT Line Trolley Porta herramientas AI1X.B.LMT"}]},{"@type":"WebSite","@id":"https:\/\/www.gtline.com\/es\/#website","url":"https:\/\/www.gtline.com\/es\/","name":"Gt Line","description":"","publisher":{"@id":"https:\/\/www.gtline.com\/es\/#organization"},"potentialAction":[{"@type":"SearchAction","target":{"@type":"EntryPoint","urlTemplate":"https:\/\/www.gtline.com\/es\/?s={search_term_string}"},"query-input":{"@type":"PropertyValueSpecification","valueRequired":true,"valueName":"search_term_string"}}],"inLanguage":"es"},{"@type":"Organization","@id":"https:\/\/www.gtline.com\/es\/#organization","name":"Gt Line","url":"https:\/\/www.gtline.com\/es\/","logo":{"@type":"ImageObject","inLanguage":"es","@id":"https:\/\/www.gtline.com\/es\/#\/schema\/logo\/image\/","url":"https:\/\/www.gtline.com\/es\/wp-content\/uploads\/sites\/4\/2025\/02\/logo.png","contentUrl":"https:\/\/www.gtline.com\/es\/wp-content\/uploads\/sites\/4\/2025\/02\/logo.png","width":228,"height":146,"caption":"Gt Line"},"image":{"@id":"https:\/\/www.gtline.com\/es\/#\/schema\/logo\/image\/"},"sameAs":["https:\/\/www.facebook.com\/gtlinesrl?locale=it_IT","https:\/\/www.instagram.com\/gt_line_srl\/","https:\/\/www.youtube.com\/channel\/UCDvpkFqswNJOVFz64PkYRQQ","https:\/\/www.linkedin.com\/company\/gt-line-srl\/"]}]}},"_links":{"self":[{"href":"https:\/\/www.gtline.com\/es\/wp-json\/wp\/v2\/product\/16347","targetHints":{"allow":["GET"]}}],"collection":[{"href":"https:\/\/www.gtline.com\/es\/wp-json\/wp\/v2\/product"}],"about":[{"href":"https:\/\/www.gtline.com\/es\/wp-json\/wp\/v2\/types\/product"}],"replies":[{"embeddable":true,"href":"https:\/\/www.gtline.com\/es\/wp-json\/wp\/v2\/comments?post=16347"}],"version-history":[{"count":3,"href":"https:\/\/www.gtline.com\/es\/wp-json\/wp\/v2\/product\/16347\/revisions"}],"predecessor-version":[{"id":23129,"href":"https:\/\/www.gtline.com\/es\/wp-json\/wp\/v2\/product\/16347\/revisions\/23129"}],"wp:featuredmedia":[{"embeddable":true,"href":"https:\/\/www.gtline.com\/es\/wp-json\/wp\/v2\/media\/9217"}],"wp:attachment":[{"href":"https:\/\/www.gtline.com\/es\/wp-json\/wp\/v2\/media?parent=16347"}],"wp:term":[{"taxonomy":"product_brand","embeddable":true,"href":"https:\/\/www.gtline.com\/es\/wp-json\/wp\/v2\/product_brand?post=16347"},{"taxonomy":"product_cat","embeddable":true,"href":"https:\/\/www.gtline.com\/es\/wp-json\/wp\/v2\/product_cat?post=16347"},{"taxonomy":"product_tag","embeddable":true,"href":"https:\/\/www.gtline.com\/es\/wp-json\/wp\/v2\/product_tag?post=16347"}],"curies":[{"name":"wp","href":"https:\/\/api.w.org\/{rel}","templated":true}]}}