{"id":16394,"date":"2025-07-21T10:29:17","date_gmt":"2025-07-21T10:29:17","guid":{"rendered":"https:\/\/www.gtline.com\/es\/prodotto\/gt-line-trolley-profesional-waterproof-gt-48-25-pss\/"},"modified":"2026-04-17T03:13:43","modified_gmt":"2026-04-17T03:13:43","slug":"gt-line-trolley-profesional-waterproof-gt-48-25-pss","status":"publish","type":"product","link":"https:\/\/www.gtline.com\/es\/products\/gt-line-trolley-profesional-waterproof-gt-48-25-pss\/","title":{"rendered":"GT Line Trolley Profesional GT 48-25 PSS"},"content":{"rendered":"<p>1. \u00a0 \u00a0 Protecci\u00f3n para entornos extremos.<br \/>El estuche profesional est\u00e1 dise\u00f1ado para garantizar la protecci\u00f3n contra salpicaduras de agua, arena, polvo y humedad, lo que lo hace ideal para cualquier condici\u00f3n clim\u00e1tica y aplicaci\u00f3n cr\u00edtica.<br \/> 2. Estructura ultra resistente a impactos y agentes corrosivos. <br \/> El polipropileno de alta densidad y las bisagras anticorrosi\u00f3n hacen que este contenedor profesional sea resistente al aplastamiento, a los impactos y a las sustancias qu\u00edmicas agresivas. <br \/> 3. Organizaci\u00f3n inteligente con sistema PSS\u2122. <br \/> Los paneles internos con el sistema PSS ofrecen bolsillos y compartimentos\u2122 modulares y duraderos, ideales para la disposici\u00f3n pr\u00e1ctica y segura de herramientas y accesorios t\u00e9cnicos de varias formas y tama\u00f1os. <br \/> 4. Interior personalizable con estabilidad garantizada. <br \/> La base est\u00e1 equipada con divisores modulares de alta estabilidad que permiten configurar el espacio en funci\u00f3n del tipo de herramientas transportadas, mejorando la seguridad y la accesibilidad. <br \/> 5. M\u00e1xima maniobrabilidad durante el transporte. <br \/> La caja de herramientas cuenta con un mango telesc\u00f3pico, ruedas robustas y un mango ergon\u00f3mico recubierto de goma para facilitar el transporte incluso durante movimientos frecuentes o en superficies dif\u00edciles. <br \/> 6. Seguridad avanzada y detalles centrados en el trabajo. <br \/> Los refuerzos de acero en los puntos de los candados, los pasadores de las bisagras resistentes a la corrosi\u00f3n y los puntales de gas garantizan la robustez y la apertura suave y segura. <br \/> 7. Accesorios integrados para una gesti\u00f3n completa. <br \/> El bolsillo interno para documentos y la placa de identificaci\u00f3n externa permiten una gesti\u00f3n organizada de la documentaci\u00f3n, los manuales y la identificaci\u00f3n r\u00e1pida del contenido. <br \/> 8. Dise\u00f1o apilable para una log\u00edstica simplificada. <br \/> Dise\u00f1ada para ser f\u00e1cilmente apilable, esta caja de herramientas optimiza el espacio y la organizaci\u00f3n durante el almacenamiento y el transporte en los veh\u00edculos de la empresa. <\/p>\n","protected":false},"excerpt":{"rendered":"<p data-start=\"514\" data-end=\"691\"><strong data-start=\"514\" data-end=\"570\">El trolley profesional de \u00faltima generaci\u00f3n GT 48-25<\/strong> es la elecci\u00f3n de los profesionales que trabajan en entornos exigentes y necesitan una organizaci\u00f3n interna eficiente.<\/p>\n<p data-start=\"693\" data-end=\"840\">Este trolley para herramientas es resistente al agua y ofrece una protecci\u00f3n total contra el agua, el polvo, la humedad y los agentes corrosivos.<\/p>\n","protected":false},"featured_media":9946,"comment_status":"open","ping_status":"closed","template":"","meta":{"_acf_changed":false},"product_brand":[],"product_cat":[251],"product_tag":[],"class_list":{"0":"post-16394","1":"product","2":"type-product","3":"status-publish","4":"has-post-thumbnail","6":"product_cat-251","7":"pa_aplicaciones-maletas-y-bolsas-para-electricistas","8":"pa_aplicaciones-maletas-y-bolsas-para-fontaneros","9":"pa_aplicaciones-maletas-y-bolsas-para-mantenedores","10":"pa_aplicaciones-maletas-y-bolsas-para-tecnicos-de-campo","11":"pa_aplicaciones-todas","12":"pa_tipo-de-producto-maletas-para-herramientas","13":"pa_tipo-de-producto-maletas-estancas-para-herramientas","15":"first","16":"instock","17":"shipping-taxable","18":"purchasable","19":"product-type-simple"},"acf":[],"yoast_head":"<!-- This site is optimized with the Yoast SEO plugin v25.4 - https:\/\/yoast.com\/wordpress\/plugins\/seo\/ -->\n<title>Maleta Trolley Profesional Impermeable GT 48-25 PSS | GT Line<\/title>\n<meta name=\"description\" content=\"GT 48-25 PSS es una maleta trolley impermeable con interior adaptable y protecci\u00f3n total para herramientas en cualquier entorno exigente.\" \/>\n<meta name=\"robots\" content=\"index, follow, max-snippet:-1, max-image-preview:large, max-video-preview:-1\" \/>\n<link rel=\"canonical\" href=\"https:\/\/www.gtline.com\/es\/products\/gt-line-trolley-profesional-waterproof-gt-48-25-pss\/\" \/>\n<meta property=\"og:locale\" content=\"es_ES\" \/>\n<meta property=\"og:type\" content=\"article\" \/>\n<meta property=\"og:title\" content=\"Maleta Trolley Profesional Impermeable GT 48-25 PSS | GT Line\" \/>\n<meta property=\"og:description\" content=\"GT 48-25 PSS es una maleta trolley impermeable con interior adaptable y protecci\u00f3n total para herramientas en cualquier entorno exigente.\" \/>\n<meta property=\"og:url\" content=\"https:\/\/www.gtline.com\/es\/products\/gt-line-trolley-profesional-waterproof-gt-48-25-pss\/\" \/>\n<meta property=\"og:site_name\" content=\"Gt Line ES\" \/>\n<meta property=\"article:publisher\" content=\"https:\/\/www.facebook.com\/gtlinesrl?locale=it_IT\" \/>\n<meta property=\"article:modified_time\" content=\"2026-04-17T03:13:43+00:00\" \/>\n<meta property=\"og:image\" content=\"https:\/\/www.gtline.com\/es\/wp-content\/uploads\/sites\/4\/2025\/05\/GT-48-25_PSS_01_9170.jpg\" \/>\n\t<meta property=\"og:image:width\" content=\"500\" \/>\n\t<meta property=\"og:image:height\" content=\"500\" \/>\n\t<meta property=\"og:image:type\" content=\"image\/jpeg\" \/>\n<meta name=\"twitter:card\" content=\"summary_large_image\" \/>\n<meta name=\"twitter:label1\" content=\"Tiempo de lectura\" \/>\n\t<meta name=\"twitter:data1\" content=\"2 minutos\" \/>\n<script type=\"application\/ld+json\" class=\"yoast-schema-graph\">{\"@context\":\"https:\/\/schema.org\",\"@graph\":[{\"@type\":\"WebPage\",\"@id\":\"https:\/\/www.gtline.com\/es\/products\/gt-line-trolley-profesional-waterproof-gt-48-25-pss\/\",\"url\":\"https:\/\/www.gtline.com\/es\/products\/gt-line-trolley-profesional-waterproof-gt-48-25-pss\/\",\"name\":\"Maleta Trolley Profesional Impermeable GT 48-25 PSS | GT Line\",\"isPartOf\":{\"@id\":\"https:\/\/www.gtline.com\/es\/#website\"},\"primaryImageOfPage\":{\"@id\":\"https:\/\/www.gtline.com\/es\/products\/gt-line-trolley-profesional-waterproof-gt-48-25-pss\/#primaryimage\"},\"image\":{\"@id\":\"https:\/\/www.gtline.com\/es\/products\/gt-line-trolley-profesional-waterproof-gt-48-25-pss\/#primaryimage\"},\"thumbnailUrl\":\"https:\/\/www.gtline.com\/es\/wp-content\/uploads\/sites\/4\/2025\/05\/GT-48-25_PSS_01_9170.jpg\",\"datePublished\":\"2025-07-21T10:29:17+00:00\",\"dateModified\":\"2026-04-17T03:13:43+00:00\",\"description\":\"GT 48-25 PSS es una maleta trolley impermeable con interior adaptable y protecci\u00f3n total para herramientas en cualquier entorno exigente.\",\"breadcrumb\":{\"@id\":\"https:\/\/www.gtline.com\/es\/products\/gt-line-trolley-profesional-waterproof-gt-48-25-pss\/#breadcrumb\"},\"inLanguage\":\"es\",\"potentialAction\":[{\"@type\":\"ReadAction\",\"target\":[\"https:\/\/www.gtline.com\/es\/products\/gt-line-trolley-profesional-waterproof-gt-48-25-pss\/\"]}]},{\"@type\":\"ImageObject\",\"inLanguage\":\"es\",\"@id\":\"https:\/\/www.gtline.com\/es\/products\/gt-line-trolley-profesional-waterproof-gt-48-25-pss\/#primaryimage\",\"url\":\"https:\/\/www.gtline.com\/es\/wp-content\/uploads\/sites\/4\/2025\/05\/GT-48-25_PSS_01_9170.jpg\",\"contentUrl\":\"https:\/\/www.gtline.com\/es\/wp-content\/uploads\/sites\/4\/2025\/05\/GT-48-25_PSS_01_9170.jpg\",\"width\":500,\"height\":500},{\"@type\":\"BreadcrumbList\",\"@id\":\"https:\/\/www.gtline.com\/es\/products\/gt-line-trolley-profesional-waterproof-gt-48-25-pss\/#breadcrumb\",\"itemListElement\":[{\"@type\":\"ListItem\",\"position\":1,\"name\":\"Home\",\"item\":\"https:\/\/www.gtline.com\/es\/\"},{\"@type\":\"ListItem\",\"position\":2,\"name\":\"Shop\",\"item\":\"https:\/\/www.gtline.com\/es\/negozio\/\"},{\"@type\":\"ListItem\",\"position\":3,\"name\":\"GT Line Trolley Profesional GT 48-25 PSS\"}]},{\"@type\":\"WebSite\",\"@id\":\"https:\/\/www.gtline.com\/es\/#website\",\"url\":\"https:\/\/www.gtline.com\/es\/\",\"name\":\"Gt Line\",\"description\":\"\",\"publisher\":{\"@id\":\"https:\/\/www.gtline.com\/es\/#organization\"},\"potentialAction\":[{\"@type\":\"SearchAction\",\"target\":{\"@type\":\"EntryPoint\",\"urlTemplate\":\"https:\/\/www.gtline.com\/es\/?s={search_term_string}\"},\"query-input\":{\"@type\":\"PropertyValueSpecification\",\"valueRequired\":true,\"valueName\":\"search_term_string\"}}],\"inLanguage\":\"es\"},{\"@type\":\"Organization\",\"@id\":\"https:\/\/www.gtline.com\/es\/#organization\",\"name\":\"Gt Line\",\"url\":\"https:\/\/www.gtline.com\/es\/\",\"logo\":{\"@type\":\"ImageObject\",\"inLanguage\":\"es\",\"@id\":\"https:\/\/www.gtline.com\/es\/#\/schema\/logo\/image\/\",\"url\":\"https:\/\/www.gtline.com\/es\/wp-content\/uploads\/sites\/4\/2025\/02\/logo.png\",\"contentUrl\":\"https:\/\/www.gtline.com\/es\/wp-content\/uploads\/sites\/4\/2025\/02\/logo.png\",\"width\":228,\"height\":146,\"caption\":\"Gt Line\"},\"image\":{\"@id\":\"https:\/\/www.gtline.com\/es\/#\/schema\/logo\/image\/\"},\"sameAs\":[\"https:\/\/www.facebook.com\/gtlinesrl?locale=it_IT\",\"https:\/\/www.instagram.com\/gt_line_srl\/\",\"https:\/\/www.youtube.com\/channel\/UCDvpkFqswNJOVFz64PkYRQQ\",\"https:\/\/www.linkedin.com\/company\/gt-line-srl\/\"]}]}<\/script>\n<!-- \/ Yoast SEO plugin. -->","yoast_head_json":{"title":"Maleta Trolley Profesional Impermeable GT 48-25 PSS | GT Line","description":"GT 48-25 PSS es una maleta trolley impermeable con interior adaptable y protecci\u00f3n total para herramientas en cualquier entorno exigente.","robots":{"index":"index","follow":"follow","max-snippet":"max-snippet:-1","max-image-preview":"max-image-preview:large","max-video-preview":"max-video-preview:-1"},"canonical":"https:\/\/www.gtline.com\/es\/products\/gt-line-trolley-profesional-waterproof-gt-48-25-pss\/","og_locale":"es_ES","og_type":"article","og_title":"Maleta Trolley Profesional Impermeable GT 48-25 PSS | GT Line","og_description":"GT 48-25 PSS es una maleta trolley impermeable con interior adaptable y protecci\u00f3n total para herramientas en cualquier entorno exigente.","og_url":"https:\/\/www.gtline.com\/es\/products\/gt-line-trolley-profesional-waterproof-gt-48-25-pss\/","og_site_name":"Gt Line ES","article_publisher":"https:\/\/www.facebook.com\/gtlinesrl?locale=it_IT","article_modified_time":"2026-04-17T03:13:43+00:00","og_image":[{"width":500,"height":500,"url":"https:\/\/www.gtline.com\/es\/wp-content\/uploads\/sites\/4\/2025\/05\/GT-48-25_PSS_01_9170.jpg","type":"image\/jpeg"}],"twitter_card":"summary_large_image","twitter_misc":{"Tiempo de lectura":"2 minutos"},"schema":{"@context":"https:\/\/schema.org","@graph":[{"@type":"WebPage","@id":"https:\/\/www.gtline.com\/es\/products\/gt-line-trolley-profesional-waterproof-gt-48-25-pss\/","url":"https:\/\/www.gtline.com\/es\/products\/gt-line-trolley-profesional-waterproof-gt-48-25-pss\/","name":"Maleta Trolley Profesional Impermeable GT 48-25 PSS | GT Line","isPartOf":{"@id":"https:\/\/www.gtline.com\/es\/#website"},"primaryImageOfPage":{"@id":"https:\/\/www.gtline.com\/es\/products\/gt-line-trolley-profesional-waterproof-gt-48-25-pss\/#primaryimage"},"image":{"@id":"https:\/\/www.gtline.com\/es\/products\/gt-line-trolley-profesional-waterproof-gt-48-25-pss\/#primaryimage"},"thumbnailUrl":"https:\/\/www.gtline.com\/es\/wp-content\/uploads\/sites\/4\/2025\/05\/GT-48-25_PSS_01_9170.jpg","datePublished":"2025-07-21T10:29:17+00:00","dateModified":"2026-04-17T03:13:43+00:00","description":"GT 48-25 PSS es una maleta trolley impermeable con interior adaptable y protecci\u00f3n total para herramientas en cualquier entorno exigente.","breadcrumb":{"@id":"https:\/\/www.gtline.com\/es\/products\/gt-line-trolley-profesional-waterproof-gt-48-25-pss\/#breadcrumb"},"inLanguage":"es","potentialAction":[{"@type":"ReadAction","target":["https:\/\/www.gtline.com\/es\/products\/gt-line-trolley-profesional-waterproof-gt-48-25-pss\/"]}]},{"@type":"ImageObject","inLanguage":"es","@id":"https:\/\/www.gtline.com\/es\/products\/gt-line-trolley-profesional-waterproof-gt-48-25-pss\/#primaryimage","url":"https:\/\/www.gtline.com\/es\/wp-content\/uploads\/sites\/4\/2025\/05\/GT-48-25_PSS_01_9170.jpg","contentUrl":"https:\/\/www.gtline.com\/es\/wp-content\/uploads\/sites\/4\/2025\/05\/GT-48-25_PSS_01_9170.jpg","width":500,"height":500},{"@type":"BreadcrumbList","@id":"https:\/\/www.gtline.com\/es\/products\/gt-line-trolley-profesional-waterproof-gt-48-25-pss\/#breadcrumb","itemListElement":[{"@type":"ListItem","position":1,"name":"Home","item":"https:\/\/www.gtline.com\/es\/"},{"@type":"ListItem","position":2,"name":"Shop","item":"https:\/\/www.gtline.com\/es\/negozio\/"},{"@type":"ListItem","position":3,"name":"GT Line Trolley Profesional GT 48-25 PSS"}]},{"@type":"WebSite","@id":"https:\/\/www.gtline.com\/es\/#website","url":"https:\/\/www.gtline.com\/es\/","name":"Gt Line","description":"","publisher":{"@id":"https:\/\/www.gtline.com\/es\/#organization"},"potentialAction":[{"@type":"SearchAction","target":{"@type":"EntryPoint","urlTemplate":"https:\/\/www.gtline.com\/es\/?s={search_term_string}"},"query-input":{"@type":"PropertyValueSpecification","valueRequired":true,"valueName":"search_term_string"}}],"inLanguage":"es"},{"@type":"Organization","@id":"https:\/\/www.gtline.com\/es\/#organization","name":"Gt Line","url":"https:\/\/www.gtline.com\/es\/","logo":{"@type":"ImageObject","inLanguage":"es","@id":"https:\/\/www.gtline.com\/es\/#\/schema\/logo\/image\/","url":"https:\/\/www.gtline.com\/es\/wp-content\/uploads\/sites\/4\/2025\/02\/logo.png","contentUrl":"https:\/\/www.gtline.com\/es\/wp-content\/uploads\/sites\/4\/2025\/02\/logo.png","width":228,"height":146,"caption":"Gt Line"},"image":{"@id":"https:\/\/www.gtline.com\/es\/#\/schema\/logo\/image\/"},"sameAs":["https:\/\/www.facebook.com\/gtlinesrl?locale=it_IT","https:\/\/www.instagram.com\/gt_line_srl\/","https:\/\/www.youtube.com\/channel\/UCDvpkFqswNJOVFz64PkYRQQ","https:\/\/www.linkedin.com\/company\/gt-line-srl\/"]}]}},"_links":{"self":[{"href":"https:\/\/www.gtline.com\/es\/wp-json\/wp\/v2\/product\/16394","targetHints":{"allow":["GET"]}}],"collection":[{"href":"https:\/\/www.gtline.com\/es\/wp-json\/wp\/v2\/product"}],"about":[{"href":"https:\/\/www.gtline.com\/es\/wp-json\/wp\/v2\/types\/product"}],"replies":[{"embeddable":true,"href":"https:\/\/www.gtline.com\/es\/wp-json\/wp\/v2\/comments?post=16394"}],"version-history":[{"count":5,"href":"https:\/\/www.gtline.com\/es\/wp-json\/wp\/v2\/product\/16394\/revisions"}],"predecessor-version":[{"id":23296,"href":"https:\/\/www.gtline.com\/es\/wp-json\/wp\/v2\/product\/16394\/revisions\/23296"}],"wp:featuredmedia":[{"embeddable":true,"href":"https:\/\/www.gtline.com\/es\/wp-json\/wp\/v2\/media\/9946"}],"wp:attachment":[{"href":"https:\/\/www.gtline.com\/es\/wp-json\/wp\/v2\/media?parent=16394"}],"wp:term":[{"taxonomy":"product_brand","embeddable":true,"href":"https:\/\/www.gtline.com\/es\/wp-json\/wp\/v2\/product_brand?post=16394"},{"taxonomy":"product_cat","embeddable":true,"href":"https:\/\/www.gtline.com\/es\/wp-json\/wp\/v2\/product_cat?post=16394"},{"taxonomy":"product_tag","embeddable":true,"href":"https:\/\/www.gtline.com\/es\/wp-json\/wp\/v2\/product_tag?post=16394"}],"curies":[{"name":"wp","href":"https:\/\/api.w.org\/{rel}","templated":true}]}}