{"id":16396,"date":"2025-07-21T10:29:22","date_gmt":"2025-07-21T10:29:22","guid":{"rendered":"https:\/\/www.gtline.com\/es\/prodotto\/gt-line-trolley-profesional-waterproof-gt-48-25-pts\/"},"modified":"2026-04-17T03:13:49","modified_gmt":"2026-04-17T03:13:49","slug":"gt-line-trolley-profesional-waterproof-gt-48-25-pts","status":"publish","type":"product","link":"https:\/\/www.gtline.com\/es\/products\/gt-line-trolley-profesional-waterproof-gt-48-25-pts\/","title":{"rendered":"GT Line Trolley Profesional GT 48-25 PTS"},"content":{"rendered":"<p>1. Protecci\u00f3n contra el agua, la humedad, la arena y el polvo.<br \/> 2. Resistencia a impactos, aplastamiento y agentes qu\u00edmicos. <br \/> El polipropileno de alta resistencia y la estructura reforzada garantizan la m\u00e1xima protecci\u00f3n contra impactos, altas presiones y sustancias corrosivas, ideal para un uso intensivo en el campo. <br \/> 3. Organizaci\u00f3n funcional con paneles FLEXI POUCHES\u2122. <br \/> Los dos paneles de herramientas con bolsillos FLEXI POUCHES permiten una disposici\u00f3n eficiente de herramientas de varios tama\u00f1os, mejorando la accesibilidad y el orden durante el\u2122 uso. <br \/> 4. Configuraci\u00f3n interna personalizable y estable. <br \/> La base est\u00e1 equipada con divisores modulares de alta estabilidad que permiten adaptar el espacio interno de la caja de herramientas seg\u00fan las necesidades operativas del profesional. <br \/> 5. F\u00e1cil transporte en cualquier superficie. <br \/> La presencia de ruedas duraderas y un mango telesc\u00f3pico, junto con un mango ergon\u00f3mico recubierto de goma, facilita el movimiento incluso en largas distancias o terrenos accidentados. <br \/> 6. Seguridad y robustez en los detalles. <br \/> Las cremalleras con pasadores anticorrosi\u00f3n y refuerzos de acero en los puntos del candado protegen la caja de herramientas del acceso no autorizado y el desgaste prolongado. <br \/> 7. Gesti\u00f3n de la documentaci\u00f3n siempre al alcance de la mano. <br \/> El bolsillo interno para documentos y la placa de identificaci\u00f3n externa permiten una gesti\u00f3n ordenada y profesional de manuales, listas de verificaci\u00f3n y datos de identificaci\u00f3n. <br \/> 8. Dise\u00f1o apilable para una log\u00edstica eficiente. <br \/> La estructura de la caja profesional est\u00e1 optimizada para el apilamiento, por lo que tambi\u00e9n es ideal para el transporte y el almacenamiento en entornos industriales o veh\u00edculos equipados. <\/p>\n","protected":false},"excerpt":{"rendered":"<p data-start=\"514\" data-end=\"691\"><strong data-start=\"514\" data-end=\"570\">El trolley profesional de \u00faltima generaci\u00f3n GT 48-25<\/strong> es la elecci\u00f3n de los profesionales que trabajan en entornos exigentes y necesitan una organizaci\u00f3n interna eficiente.<\/p>\n<p data-start=\"514\" data-end=\"691\">\n<p data-start=\"693\" data-end=\"840\">Este trolley para herramientas es resistente al agua y ofrece una protecci\u00f3n total contra el agua, el polvo, la humedad y los agentes corrosivos<\/p>\n","protected":false},"featured_media":9625,"comment_status":"open","ping_status":"closed","template":"","meta":{"_acf_changed":false},"product_brand":[],"product_cat":[251],"product_tag":[],"class_list":{"0":"post-16396","1":"product","2":"type-product","3":"status-publish","4":"has-post-thumbnail","6":"product_cat-251","7":"pa_aplicaciones-maletas-y-bolsas-para-electricistas","8":"pa_aplicaciones-maletas-y-bolsas-para-fontaneros","9":"pa_aplicaciones-maletas-y-bolsas-para-mantenedores","10":"pa_aplicaciones-maletas-y-bolsas-para-tecnicos-de-campo","11":"pa_aplicaciones-todas","12":"pa_tipo-de-producto-maletas-para-herramientas","13":"pa_tipo-de-producto-maletas-estancas-para-herramientas","15":"first","16":"instock","17":"shipping-taxable","18":"purchasable","19":"product-type-simple"},"acf":[],"yoast_head":"<!-- This site is optimized with the Yoast SEO plugin v25.4 - https:\/\/yoast.com\/wordpress\/plugins\/seo\/ -->\n<title>Maleta Trolley Profesional Impermeable GT 48-25 PTS | GT Line<\/title>\n<meta name=\"description\" content=\"Maleta trolley impermeable GT 48-25 PTS con bolsillos accesibles y m\u00e1xima resistencia para un uso t\u00e9cnico seguro y organizado cada d\u00eda.\" \/>\n<meta name=\"robots\" content=\"index, follow, max-snippet:-1, max-image-preview:large, max-video-preview:-1\" \/>\n<link rel=\"canonical\" href=\"https:\/\/www.gtline.com\/es\/products\/gt-line-trolley-profesional-waterproof-gt-48-25-pts\/\" \/>\n<meta property=\"og:locale\" content=\"es_ES\" \/>\n<meta property=\"og:type\" content=\"article\" \/>\n<meta property=\"og:title\" content=\"Maleta Trolley Profesional Impermeable GT 48-25 PTS | GT Line\" \/>\n<meta property=\"og:description\" content=\"Maleta trolley impermeable GT 48-25 PTS con bolsillos accesibles y m\u00e1xima resistencia para un uso t\u00e9cnico seguro y organizado cada d\u00eda.\" \/>\n<meta property=\"og:url\" content=\"https:\/\/www.gtline.com\/es\/products\/gt-line-trolley-profesional-waterproof-gt-48-25-pts\/\" \/>\n<meta property=\"og:site_name\" content=\"Gt Line ES\" \/>\n<meta property=\"article:publisher\" content=\"https:\/\/www.facebook.com\/gtlinesrl?locale=it_IT\" \/>\n<meta property=\"article:modified_time\" content=\"2026-04-17T03:13:49+00:00\" \/>\n<meta property=\"og:image\" content=\"https:\/\/www.gtline.com\/es\/wp-content\/uploads\/sites\/4\/2025\/05\/GT-48-25_PTS_01_9171.jpg\" \/>\n\t<meta property=\"og:image:width\" content=\"500\" \/>\n\t<meta property=\"og:image:height\" content=\"500\" \/>\n\t<meta property=\"og:image:type\" content=\"image\/jpeg\" \/>\n<meta name=\"twitter:card\" content=\"summary_large_image\" \/>\n<meta name=\"twitter:label1\" content=\"Tiempo de lectura\" \/>\n\t<meta name=\"twitter:data1\" content=\"2 minutos\" \/>\n<script type=\"application\/ld+json\" class=\"yoast-schema-graph\">{\"@context\":\"https:\/\/schema.org\",\"@graph\":[{\"@type\":\"WebPage\",\"@id\":\"https:\/\/www.gtline.com\/es\/products\/gt-line-trolley-profesional-waterproof-gt-48-25-pts\/\",\"url\":\"https:\/\/www.gtline.com\/es\/products\/gt-line-trolley-profesional-waterproof-gt-48-25-pts\/\",\"name\":\"Maleta Trolley Profesional Impermeable GT 48-25 PTS | GT Line\",\"isPartOf\":{\"@id\":\"https:\/\/www.gtline.com\/es\/#website\"},\"primaryImageOfPage\":{\"@id\":\"https:\/\/www.gtline.com\/es\/products\/gt-line-trolley-profesional-waterproof-gt-48-25-pts\/#primaryimage\"},\"image\":{\"@id\":\"https:\/\/www.gtline.com\/es\/products\/gt-line-trolley-profesional-waterproof-gt-48-25-pts\/#primaryimage\"},\"thumbnailUrl\":\"https:\/\/www.gtline.com\/es\/wp-content\/uploads\/sites\/4\/2025\/05\/GT-48-25_PTS_01_9171.jpg\",\"datePublished\":\"2025-07-21T10:29:22+00:00\",\"dateModified\":\"2026-04-17T03:13:49+00:00\",\"description\":\"Maleta trolley impermeable GT 48-25 PTS con bolsillos accesibles y m\u00e1xima resistencia para un uso t\u00e9cnico seguro y organizado cada d\u00eda.\",\"breadcrumb\":{\"@id\":\"https:\/\/www.gtline.com\/es\/products\/gt-line-trolley-profesional-waterproof-gt-48-25-pts\/#breadcrumb\"},\"inLanguage\":\"es\",\"potentialAction\":[{\"@type\":\"ReadAction\",\"target\":[\"https:\/\/www.gtline.com\/es\/products\/gt-line-trolley-profesional-waterproof-gt-48-25-pts\/\"]}]},{\"@type\":\"ImageObject\",\"inLanguage\":\"es\",\"@id\":\"https:\/\/www.gtline.com\/es\/products\/gt-line-trolley-profesional-waterproof-gt-48-25-pts\/#primaryimage\",\"url\":\"https:\/\/www.gtline.com\/es\/wp-content\/uploads\/sites\/4\/2025\/05\/GT-48-25_PTS_01_9171.jpg\",\"contentUrl\":\"https:\/\/www.gtline.com\/es\/wp-content\/uploads\/sites\/4\/2025\/05\/GT-48-25_PTS_01_9171.jpg\",\"width\":500,\"height\":500},{\"@type\":\"BreadcrumbList\",\"@id\":\"https:\/\/www.gtline.com\/es\/products\/gt-line-trolley-profesional-waterproof-gt-48-25-pts\/#breadcrumb\",\"itemListElement\":[{\"@type\":\"ListItem\",\"position\":1,\"name\":\"Home\",\"item\":\"https:\/\/www.gtline.com\/es\/\"},{\"@type\":\"ListItem\",\"position\":2,\"name\":\"Shop\",\"item\":\"https:\/\/www.gtline.com\/es\/negozio\/\"},{\"@type\":\"ListItem\",\"position\":3,\"name\":\"GT Line Trolley Profesional GT 48-25 PTS\"}]},{\"@type\":\"WebSite\",\"@id\":\"https:\/\/www.gtline.com\/es\/#website\",\"url\":\"https:\/\/www.gtline.com\/es\/\",\"name\":\"Gt Line\",\"description\":\"\",\"publisher\":{\"@id\":\"https:\/\/www.gtline.com\/es\/#organization\"},\"potentialAction\":[{\"@type\":\"SearchAction\",\"target\":{\"@type\":\"EntryPoint\",\"urlTemplate\":\"https:\/\/www.gtline.com\/es\/?s={search_term_string}\"},\"query-input\":{\"@type\":\"PropertyValueSpecification\",\"valueRequired\":true,\"valueName\":\"search_term_string\"}}],\"inLanguage\":\"es\"},{\"@type\":\"Organization\",\"@id\":\"https:\/\/www.gtline.com\/es\/#organization\",\"name\":\"Gt Line\",\"url\":\"https:\/\/www.gtline.com\/es\/\",\"logo\":{\"@type\":\"ImageObject\",\"inLanguage\":\"es\",\"@id\":\"https:\/\/www.gtline.com\/es\/#\/schema\/logo\/image\/\",\"url\":\"https:\/\/www.gtline.com\/es\/wp-content\/uploads\/sites\/4\/2025\/02\/logo.png\",\"contentUrl\":\"https:\/\/www.gtline.com\/es\/wp-content\/uploads\/sites\/4\/2025\/02\/logo.png\",\"width\":228,\"height\":146,\"caption\":\"Gt Line\"},\"image\":{\"@id\":\"https:\/\/www.gtline.com\/es\/#\/schema\/logo\/image\/\"},\"sameAs\":[\"https:\/\/www.facebook.com\/gtlinesrl?locale=it_IT\",\"https:\/\/www.instagram.com\/gt_line_srl\/\",\"https:\/\/www.youtube.com\/channel\/UCDvpkFqswNJOVFz64PkYRQQ\",\"https:\/\/www.linkedin.com\/company\/gt-line-srl\/\"]}]}<\/script>\n<!-- \/ Yoast SEO plugin. -->","yoast_head_json":{"title":"Maleta Trolley Profesional Impermeable GT 48-25 PTS | GT Line","description":"Maleta trolley impermeable GT 48-25 PTS con bolsillos accesibles y m\u00e1xima resistencia para un uso t\u00e9cnico seguro y organizado cada d\u00eda.","robots":{"index":"index","follow":"follow","max-snippet":"max-snippet:-1","max-image-preview":"max-image-preview:large","max-video-preview":"max-video-preview:-1"},"canonical":"https:\/\/www.gtline.com\/es\/products\/gt-line-trolley-profesional-waterproof-gt-48-25-pts\/","og_locale":"es_ES","og_type":"article","og_title":"Maleta Trolley Profesional Impermeable GT 48-25 PTS | GT Line","og_description":"Maleta trolley impermeable GT 48-25 PTS con bolsillos accesibles y m\u00e1xima resistencia para un uso t\u00e9cnico seguro y organizado cada d\u00eda.","og_url":"https:\/\/www.gtline.com\/es\/products\/gt-line-trolley-profesional-waterproof-gt-48-25-pts\/","og_site_name":"Gt Line ES","article_publisher":"https:\/\/www.facebook.com\/gtlinesrl?locale=it_IT","article_modified_time":"2026-04-17T03:13:49+00:00","og_image":[{"width":500,"height":500,"url":"https:\/\/www.gtline.com\/es\/wp-content\/uploads\/sites\/4\/2025\/05\/GT-48-25_PTS_01_9171.jpg","type":"image\/jpeg"}],"twitter_card":"summary_large_image","twitter_misc":{"Tiempo de lectura":"2 minutos"},"schema":{"@context":"https:\/\/schema.org","@graph":[{"@type":"WebPage","@id":"https:\/\/www.gtline.com\/es\/products\/gt-line-trolley-profesional-waterproof-gt-48-25-pts\/","url":"https:\/\/www.gtline.com\/es\/products\/gt-line-trolley-profesional-waterproof-gt-48-25-pts\/","name":"Maleta Trolley Profesional Impermeable GT 48-25 PTS | GT Line","isPartOf":{"@id":"https:\/\/www.gtline.com\/es\/#website"},"primaryImageOfPage":{"@id":"https:\/\/www.gtline.com\/es\/products\/gt-line-trolley-profesional-waterproof-gt-48-25-pts\/#primaryimage"},"image":{"@id":"https:\/\/www.gtline.com\/es\/products\/gt-line-trolley-profesional-waterproof-gt-48-25-pts\/#primaryimage"},"thumbnailUrl":"https:\/\/www.gtline.com\/es\/wp-content\/uploads\/sites\/4\/2025\/05\/GT-48-25_PTS_01_9171.jpg","datePublished":"2025-07-21T10:29:22+00:00","dateModified":"2026-04-17T03:13:49+00:00","description":"Maleta trolley impermeable GT 48-25 PTS con bolsillos accesibles y m\u00e1xima resistencia para un uso t\u00e9cnico seguro y organizado cada d\u00eda.","breadcrumb":{"@id":"https:\/\/www.gtline.com\/es\/products\/gt-line-trolley-profesional-waterproof-gt-48-25-pts\/#breadcrumb"},"inLanguage":"es","potentialAction":[{"@type":"ReadAction","target":["https:\/\/www.gtline.com\/es\/products\/gt-line-trolley-profesional-waterproof-gt-48-25-pts\/"]}]},{"@type":"ImageObject","inLanguage":"es","@id":"https:\/\/www.gtline.com\/es\/products\/gt-line-trolley-profesional-waterproof-gt-48-25-pts\/#primaryimage","url":"https:\/\/www.gtline.com\/es\/wp-content\/uploads\/sites\/4\/2025\/05\/GT-48-25_PTS_01_9171.jpg","contentUrl":"https:\/\/www.gtline.com\/es\/wp-content\/uploads\/sites\/4\/2025\/05\/GT-48-25_PTS_01_9171.jpg","width":500,"height":500},{"@type":"BreadcrumbList","@id":"https:\/\/www.gtline.com\/es\/products\/gt-line-trolley-profesional-waterproof-gt-48-25-pts\/#breadcrumb","itemListElement":[{"@type":"ListItem","position":1,"name":"Home","item":"https:\/\/www.gtline.com\/es\/"},{"@type":"ListItem","position":2,"name":"Shop","item":"https:\/\/www.gtline.com\/es\/negozio\/"},{"@type":"ListItem","position":3,"name":"GT Line Trolley Profesional GT 48-25 PTS"}]},{"@type":"WebSite","@id":"https:\/\/www.gtline.com\/es\/#website","url":"https:\/\/www.gtline.com\/es\/","name":"Gt Line","description":"","publisher":{"@id":"https:\/\/www.gtline.com\/es\/#organization"},"potentialAction":[{"@type":"SearchAction","target":{"@type":"EntryPoint","urlTemplate":"https:\/\/www.gtline.com\/es\/?s={search_term_string}"},"query-input":{"@type":"PropertyValueSpecification","valueRequired":true,"valueName":"search_term_string"}}],"inLanguage":"es"},{"@type":"Organization","@id":"https:\/\/www.gtline.com\/es\/#organization","name":"Gt Line","url":"https:\/\/www.gtline.com\/es\/","logo":{"@type":"ImageObject","inLanguage":"es","@id":"https:\/\/www.gtline.com\/es\/#\/schema\/logo\/image\/","url":"https:\/\/www.gtline.com\/es\/wp-content\/uploads\/sites\/4\/2025\/02\/logo.png","contentUrl":"https:\/\/www.gtline.com\/es\/wp-content\/uploads\/sites\/4\/2025\/02\/logo.png","width":228,"height":146,"caption":"Gt Line"},"image":{"@id":"https:\/\/www.gtline.com\/es\/#\/schema\/logo\/image\/"},"sameAs":["https:\/\/www.facebook.com\/gtlinesrl?locale=it_IT","https:\/\/www.instagram.com\/gt_line_srl\/","https:\/\/www.youtube.com\/channel\/UCDvpkFqswNJOVFz64PkYRQQ","https:\/\/www.linkedin.com\/company\/gt-line-srl\/"]}]}},"_links":{"self":[{"href":"https:\/\/www.gtline.com\/es\/wp-json\/wp\/v2\/product\/16396","targetHints":{"allow":["GET"]}}],"collection":[{"href":"https:\/\/www.gtline.com\/es\/wp-json\/wp\/v2\/product"}],"about":[{"href":"https:\/\/www.gtline.com\/es\/wp-json\/wp\/v2\/types\/product"}],"replies":[{"embeddable":true,"href":"https:\/\/www.gtline.com\/es\/wp-json\/wp\/v2\/comments?post=16396"}],"version-history":[{"count":5,"href":"https:\/\/www.gtline.com\/es\/wp-json\/wp\/v2\/product\/16396\/revisions"}],"predecessor-version":[{"id":23298,"href":"https:\/\/www.gtline.com\/es\/wp-json\/wp\/v2\/product\/16396\/revisions\/23298"}],"wp:featuredmedia":[{"embeddable":true,"href":"https:\/\/www.gtline.com\/es\/wp-json\/wp\/v2\/media\/9625"}],"wp:attachment":[{"href":"https:\/\/www.gtline.com\/es\/wp-json\/wp\/v2\/media?parent=16396"}],"wp:term":[{"taxonomy":"product_brand","embeddable":true,"href":"https:\/\/www.gtline.com\/es\/wp-json\/wp\/v2\/product_brand?post=16396"},{"taxonomy":"product_cat","embeddable":true,"href":"https:\/\/www.gtline.com\/es\/wp-json\/wp\/v2\/product_cat?post=16396"},{"taxonomy":"product_tag","embeddable":true,"href":"https:\/\/www.gtline.com\/es\/wp-json\/wp\/v2\/product_tag?post=16396"}],"curies":[{"name":"wp","href":"https:\/\/api.w.org\/{rel}","templated":true}]}}