{"id":27104,"date":"2026-02-04T04:13:24","date_gmt":"2026-02-04T04:13:24","guid":{"rendered":"https:\/\/www.gtline.com\/es\/prodotto\/monolith-cross-lt40-zaino-x-utens-troll\/"},"modified":"2026-04-17T03:14:00","modified_gmt":"2026-04-17T03:14:00","slug":"monolith-cross-lt40-zaino-x-utens-troll","status":"publish","type":"product","link":"https:\/\/www.gtline.com\/es\/products\/monolith-cross-lt40-zaino-x-utens-troll\/","title":{"rendered":"Work Line by GT &ndash; Carro portaherramientas MONOLITH CROSS LT40 (Disponible pr&oacute;ximamente)"},"content":{"rendered":"<p data-start=\"1649\" data-end=\"1775\"><strong data-start=\"1649\" data-end=\"1671\">Capacidad de 40 L:<\/strong> Amplio volumen de 40 litros dise\u00f1ado para transportar una gran variedad de herramientas y accesorios.<\/p>\n<p data-start=\"1779\" data-end=\"1927\"><strong data-start=\"1779\" data-end=\"1805\">Ruedas de gran tama\u00f1o:<\/strong> Equipado con resistentes ruedas dentadas de \u00d8120 mm para un desplazamiento suave y estable sobre distintas superficies.<\/p>\n<p data-start=\"1931\" data-end=\"2071\"><strong data-start=\"1931\" data-end=\"1966\">Sistema de trolley convertible:<\/strong> Puede utilizarse como trolley o como mochila, ofreciendo la m\u00e1xima versatilidad durante el transporte.<\/p>\n<p data-start=\"2075\" data-end=\"2164\"><strong data-start=\"2075\" data-end=\"2091\">Asa confort:<\/strong> Asa ergon\u00f3mica de goma con memory foam para un agarre seguro y c\u00f3modo.<\/p>\n<p data-start=\"2168\" data-end=\"2289\"><strong data-start=\"2168\" data-end=\"2202\">Alojamiento del panel trasero:<\/strong> Panel trasero interno dise\u00f1ado para alojar hasta tres cajas peque\u00f1as WL para piezas.<\/p>\n<p data-start=\"2293\" data-end=\"2446\"><strong data-start=\"2293\" data-end=\"2317\">Respaldo ergon\u00f3mico:<\/strong> Respaldo acolchado con puntos de fijaci\u00f3n para las correas de hombro incluidas, garantizando comodidad al usarlo como mochila.<\/p>\n<p data-start=\"2450\" data-end=\"2626\"><strong data-start=\"2450\" data-end=\"2489\">Paneles portaherramientas internos:<\/strong> Amplio compartimento principal con doble panel portaherramientas extra\u00edble y asas integradas para una organizaci\u00f3n y acceso sencillos.<\/p>\n<p data-start=\"2630\" data-end=\"2790\"><strong data-start=\"2630\" data-end=\"2654\">Bolsillos laterales:<\/strong><br data-start=\"2654\" data-end=\"2657\">\u2022 Bolsillo dedicado para documentos y port\u00e1til<br data-start=\"2706\" data-end=\"2709\">\u2022 Dos bolsillos auxiliares externos con sistema MOLLE para expansi\u00f3n modular<\/p>\n<p data-start=\"2794\" data-end=\"2926\"><strong data-start=\"2794\" data-end=\"2831\">Alta capacidad de almacenamiento:<\/strong> Incluye 46 bolsillos y 6 presillas el\u00e1sticas, permitiendo transportar hasta 66 herramientas.<\/p>\n<p data-start=\"2931\" data-end=\"3099\"><strong data-start=\"2931\" data-end=\"2957\">Compartimento frontal:<\/strong> Compartimento frontal de EVA semirr\u00edgido con bolsillo para accesorios y acceso interno con cremallera para mayor protecci\u00f3n y organizaci\u00f3n.<\/p>\n<p data-start=\"3104\" data-end=\"3225\"><strong data-start=\"3104\" data-end=\"3123\">Base reforzada:<\/strong> Base r\u00edgida de pl\u00e1stico para mayor estabilidad, durabilidad y protecci\u00f3n contra impactos y humedad<\/p>\n","protected":false},"excerpt":{"rendered":"<p><strong data-start=\"651\" data-end=\"674\">Monolith Cross LT40<\/strong> es el trolley de la l\u00ednea Work Line con un dise\u00f1o innovador, desarrollado para profesionales que trabajan sobre el terreno y requieren la m\u00e1xima funcionalidad y organizaci\u00f3n.<br data-start=\"849\" data-end=\"852\">Las grandes ruedas dentadas de 120 mm, la base r\u00edgida y la predisposici\u00f3n para el transporte tipo mochila garantizan libertad de movimiento y resistencia en cualquier entorno operativo.<br data-start=\"1037\" data-end=\"1040\">Con 46 bolsillos, 6 presillas el\u00e1sticas, doble panel portaherramientas extra\u00edble, ofrece una capacidad de carga y organizaci\u00f3n superior para hasta 66 herramientas.<\/p>\n","protected":false},"featured_media":27106,"comment_status":"open","ping_status":"closed","template":"","meta":{"_acf_changed":false},"product_brand":[],"product_cat":[230],"product_tag":[],"class_list":{"0":"post-27104","1":"product","2":"type-product","3":"status-publish","4":"has-post-thumbnail","6":"product_cat-linea-top","7":"pa_aplicaciones-maletas-y-bolsas-para-electricistas","8":"pa_aplicaciones-maletas-y-bolsas-para-fontaneros","9":"pa_aplicaciones-maletas-y-bolsas-para-mantenedores","10":"pa_aplicaciones-maletas-y-bolsas-para-tecnicos-de-campo","11":"pa_tipo-de-producto-bolsas-y-mochilas-para-herramientas","13":"first","14":"instock","15":"shipping-taxable","16":"purchasable","17":"product-type-simple"},"acf":[],"yoast_head":"<!-- This site is optimized with the Yoast SEO plugin v25.4 - https:\/\/yoast.com\/wordpress\/plugins\/seo\/ -->\n<title>Work Line by GT &ndash; Carro portaherramientas MONOLITH CROSS LT40 (Disponible pr&oacute;ximamente) - Gt Line ES<\/title>\n<meta name=\"robots\" content=\"index, follow, max-snippet:-1, max-image-preview:large, max-video-preview:-1\" \/>\n<link rel=\"canonical\" href=\"https:\/\/www.gtline.com\/es\/products\/monolith-cross-lt40-zaino-x-utens-troll\/\" \/>\n<meta property=\"og:locale\" content=\"es_ES\" \/>\n<meta property=\"og:type\" content=\"article\" \/>\n<meta property=\"og:title\" content=\"Work Line by GT &ndash; Carro portaherramientas MONOLITH CROSS LT40 (Disponible pr&oacute;ximamente) - Gt Line ES\" \/>\n<meta property=\"og:description\" content=\"Monolith Cross LT40 es el trolley de la l\u00ednea Work Line con un dise\u00f1o innovador, desarrollado para profesionales que trabajan sobre el terreno y requieren la m\u00e1xima funcionalidad y organizaci\u00f3n.Las grandes ruedas dentadas de 120 mm, la base r\u00edgida y la predisposici\u00f3n para el transporte tipo mochila garantizan libertad de movimiento y resistencia en cualquier entorno operativo.Con 46 bolsillos, 6 presillas el\u00e1sticas, doble panel portaherramientas extra\u00edble, ofrece una capacidad de carga y organizaci\u00f3n superior para hasta 66 herramientas.\" \/>\n<meta property=\"og:url\" content=\"https:\/\/www.gtline.com\/es\/products\/monolith-cross-lt40-zaino-x-utens-troll\/\" \/>\n<meta property=\"og:site_name\" content=\"Gt Line ES\" \/>\n<meta property=\"article:publisher\" content=\"https:\/\/www.facebook.com\/gtlinesrl?locale=it_IT\" \/>\n<meta property=\"article:modified_time\" content=\"2026-04-17T03:14:00+00:00\" \/>\n<meta name=\"twitter:card\" content=\"summary_large_image\" \/>\n<meta name=\"twitter:label1\" content=\"Tiempo de lectura\" \/>\n\t<meta name=\"twitter:data1\" content=\"1 minuto\" \/>\n<script type=\"application\/ld+json\" class=\"yoast-schema-graph\">{\"@context\":\"https:\/\/schema.org\",\"@graph\":[{\"@type\":\"WebPage\",\"@id\":\"https:\/\/www.gtline.com\/es\/products\/monolith-cross-lt40-zaino-x-utens-troll\/\",\"url\":\"https:\/\/www.gtline.com\/es\/products\/monolith-cross-lt40-zaino-x-utens-troll\/\",\"name\":\"Work Line by GT &ndash; Carro portaherramientas MONOLITH CROSS LT40 (Disponible pr&oacute;ximamente) - Gt Line ES\",\"isPartOf\":{\"@id\":\"https:\/\/www.gtline.com\/es\/#website\"},\"primaryImageOfPage\":{\"@id\":\"https:\/\/www.gtline.com\/es\/products\/monolith-cross-lt40-zaino-x-utens-troll\/#primaryimage\"},\"image\":{\"@id\":\"https:\/\/www.gtline.com\/es\/products\/monolith-cross-lt40-zaino-x-utens-troll\/#primaryimage\"},\"thumbnailUrl\":\"https:\/\/www.gtline.com\/es\/wp-content\/uploads\/sites\/4\/2026\/02\/Monolith_Cross_01_9178.jpg\",\"datePublished\":\"2026-02-04T04:13:24+00:00\",\"dateModified\":\"2026-04-17T03:14:00+00:00\",\"breadcrumb\":{\"@id\":\"https:\/\/www.gtline.com\/es\/products\/monolith-cross-lt40-zaino-x-utens-troll\/#breadcrumb\"},\"inLanguage\":\"es\",\"potentialAction\":[{\"@type\":\"ReadAction\",\"target\":[\"https:\/\/www.gtline.com\/es\/products\/monolith-cross-lt40-zaino-x-utens-troll\/\"]}]},{\"@type\":\"ImageObject\",\"inLanguage\":\"es\",\"@id\":\"https:\/\/www.gtline.com\/es\/products\/monolith-cross-lt40-zaino-x-utens-troll\/#primaryimage\",\"url\":\"https:\/\/www.gtline.com\/es\/wp-content\/uploads\/sites\/4\/2026\/02\/Monolith_Cross_01_9178.jpg\",\"contentUrl\":\"https:\/\/www.gtline.com\/es\/wp-content\/uploads\/sites\/4\/2026\/02\/Monolith_Cross_01_9178.jpg\",\"width\":500,\"height\":500},{\"@type\":\"BreadcrumbList\",\"@id\":\"https:\/\/www.gtline.com\/es\/products\/monolith-cross-lt40-zaino-x-utens-troll\/#breadcrumb\",\"itemListElement\":[{\"@type\":\"ListItem\",\"position\":1,\"name\":\"Home\",\"item\":\"https:\/\/www.gtline.com\/es\/\"},{\"@type\":\"ListItem\",\"position\":2,\"name\":\"Shop\",\"item\":\"https:\/\/www.gtline.com\/es\/negozio\/\"},{\"@type\":\"ListItem\",\"position\":3,\"name\":\"MONOLITH CROSS LT40-ZAINO X UTENS. TROLL\"}]},{\"@type\":\"WebSite\",\"@id\":\"https:\/\/www.gtline.com\/es\/#website\",\"url\":\"https:\/\/www.gtline.com\/es\/\",\"name\":\"Gt Line\",\"description\":\"\",\"publisher\":{\"@id\":\"https:\/\/www.gtline.com\/es\/#organization\"},\"potentialAction\":[{\"@type\":\"SearchAction\",\"target\":{\"@type\":\"EntryPoint\",\"urlTemplate\":\"https:\/\/www.gtline.com\/es\/?s={search_term_string}\"},\"query-input\":{\"@type\":\"PropertyValueSpecification\",\"valueRequired\":true,\"valueName\":\"search_term_string\"}}],\"inLanguage\":\"es\"},{\"@type\":\"Organization\",\"@id\":\"https:\/\/www.gtline.com\/es\/#organization\",\"name\":\"Gt Line\",\"url\":\"https:\/\/www.gtline.com\/es\/\",\"logo\":{\"@type\":\"ImageObject\",\"inLanguage\":\"es\",\"@id\":\"https:\/\/www.gtline.com\/es\/#\/schema\/logo\/image\/\",\"url\":\"https:\/\/www.gtline.com\/es\/wp-content\/uploads\/sites\/4\/2025\/02\/logo.png\",\"contentUrl\":\"https:\/\/www.gtline.com\/es\/wp-content\/uploads\/sites\/4\/2025\/02\/logo.png\",\"width\":228,\"height\":146,\"caption\":\"Gt Line\"},\"image\":{\"@id\":\"https:\/\/www.gtline.com\/es\/#\/schema\/logo\/image\/\"},\"sameAs\":[\"https:\/\/www.facebook.com\/gtlinesrl?locale=it_IT\",\"https:\/\/www.instagram.com\/gt_line_srl\/\",\"https:\/\/www.youtube.com\/channel\/UCDvpkFqswNJOVFz64PkYRQQ\",\"https:\/\/www.linkedin.com\/company\/gt-line-srl\/\"]}]}<\/script>\n<!-- \/ Yoast SEO plugin. -->","yoast_head_json":{"title":"Work Line by GT &ndash; Carro portaherramientas MONOLITH CROSS LT40 (Disponible pr&oacute;ximamente) - Gt Line ES","robots":{"index":"index","follow":"follow","max-snippet":"max-snippet:-1","max-image-preview":"max-image-preview:large","max-video-preview":"max-video-preview:-1"},"canonical":"https:\/\/www.gtline.com\/es\/products\/monolith-cross-lt40-zaino-x-utens-troll\/","og_locale":"es_ES","og_type":"article","og_title":"Work Line by GT &ndash; Carro portaherramientas MONOLITH CROSS LT40 (Disponible pr&oacute;ximamente) - Gt Line ES","og_description":"Monolith Cross LT40 es el trolley de la l\u00ednea Work Line con un dise\u00f1o innovador, desarrollado para profesionales que trabajan sobre el terreno y requieren la m\u00e1xima funcionalidad y organizaci\u00f3n.Las grandes ruedas dentadas de 120 mm, la base r\u00edgida y la predisposici\u00f3n para el transporte tipo mochila garantizan libertad de movimiento y resistencia en cualquier entorno operativo.Con 46 bolsillos, 6 presillas el\u00e1sticas, doble panel portaherramientas extra\u00edble, ofrece una capacidad de carga y organizaci\u00f3n superior para hasta 66 herramientas.","og_url":"https:\/\/www.gtline.com\/es\/products\/monolith-cross-lt40-zaino-x-utens-troll\/","og_site_name":"Gt Line ES","article_publisher":"https:\/\/www.facebook.com\/gtlinesrl?locale=it_IT","article_modified_time":"2026-04-17T03:14:00+00:00","twitter_card":"summary_large_image","twitter_misc":{"Tiempo de lectura":"1 minuto"},"schema":{"@context":"https:\/\/schema.org","@graph":[{"@type":"WebPage","@id":"https:\/\/www.gtline.com\/es\/products\/monolith-cross-lt40-zaino-x-utens-troll\/","url":"https:\/\/www.gtline.com\/es\/products\/monolith-cross-lt40-zaino-x-utens-troll\/","name":"Work Line by GT &ndash; Carro portaherramientas MONOLITH CROSS LT40 (Disponible pr&oacute;ximamente) - Gt Line ES","isPartOf":{"@id":"https:\/\/www.gtline.com\/es\/#website"},"primaryImageOfPage":{"@id":"https:\/\/www.gtline.com\/es\/products\/monolith-cross-lt40-zaino-x-utens-troll\/#primaryimage"},"image":{"@id":"https:\/\/www.gtline.com\/es\/products\/monolith-cross-lt40-zaino-x-utens-troll\/#primaryimage"},"thumbnailUrl":"https:\/\/www.gtline.com\/es\/wp-content\/uploads\/sites\/4\/2026\/02\/Monolith_Cross_01_9178.jpg","datePublished":"2026-02-04T04:13:24+00:00","dateModified":"2026-04-17T03:14:00+00:00","breadcrumb":{"@id":"https:\/\/www.gtline.com\/es\/products\/monolith-cross-lt40-zaino-x-utens-troll\/#breadcrumb"},"inLanguage":"es","potentialAction":[{"@type":"ReadAction","target":["https:\/\/www.gtline.com\/es\/products\/monolith-cross-lt40-zaino-x-utens-troll\/"]}]},{"@type":"ImageObject","inLanguage":"es","@id":"https:\/\/www.gtline.com\/es\/products\/monolith-cross-lt40-zaino-x-utens-troll\/#primaryimage","url":"https:\/\/www.gtline.com\/es\/wp-content\/uploads\/sites\/4\/2026\/02\/Monolith_Cross_01_9178.jpg","contentUrl":"https:\/\/www.gtline.com\/es\/wp-content\/uploads\/sites\/4\/2026\/02\/Monolith_Cross_01_9178.jpg","width":500,"height":500},{"@type":"BreadcrumbList","@id":"https:\/\/www.gtline.com\/es\/products\/monolith-cross-lt40-zaino-x-utens-troll\/#breadcrumb","itemListElement":[{"@type":"ListItem","position":1,"name":"Home","item":"https:\/\/www.gtline.com\/es\/"},{"@type":"ListItem","position":2,"name":"Shop","item":"https:\/\/www.gtline.com\/es\/negozio\/"},{"@type":"ListItem","position":3,"name":"MONOLITH CROSS LT40-ZAINO X UTENS. TROLL"}]},{"@type":"WebSite","@id":"https:\/\/www.gtline.com\/es\/#website","url":"https:\/\/www.gtline.com\/es\/","name":"Gt Line","description":"","publisher":{"@id":"https:\/\/www.gtline.com\/es\/#organization"},"potentialAction":[{"@type":"SearchAction","target":{"@type":"EntryPoint","urlTemplate":"https:\/\/www.gtline.com\/es\/?s={search_term_string}"},"query-input":{"@type":"PropertyValueSpecification","valueRequired":true,"valueName":"search_term_string"}}],"inLanguage":"es"},{"@type":"Organization","@id":"https:\/\/www.gtline.com\/es\/#organization","name":"Gt Line","url":"https:\/\/www.gtline.com\/es\/","logo":{"@type":"ImageObject","inLanguage":"es","@id":"https:\/\/www.gtline.com\/es\/#\/schema\/logo\/image\/","url":"https:\/\/www.gtline.com\/es\/wp-content\/uploads\/sites\/4\/2025\/02\/logo.png","contentUrl":"https:\/\/www.gtline.com\/es\/wp-content\/uploads\/sites\/4\/2025\/02\/logo.png","width":228,"height":146,"caption":"Gt Line"},"image":{"@id":"https:\/\/www.gtline.com\/es\/#\/schema\/logo\/image\/"},"sameAs":["https:\/\/www.facebook.com\/gtlinesrl?locale=it_IT","https:\/\/www.instagram.com\/gt_line_srl\/","https:\/\/www.youtube.com\/channel\/UCDvpkFqswNJOVFz64PkYRQQ","https:\/\/www.linkedin.com\/company\/gt-line-srl\/"]}]}},"_links":{"self":[{"href":"https:\/\/www.gtline.com\/es\/wp-json\/wp\/v2\/product\/27104","targetHints":{"allow":["GET"]}}],"collection":[{"href":"https:\/\/www.gtline.com\/es\/wp-json\/wp\/v2\/product"}],"about":[{"href":"https:\/\/www.gtline.com\/es\/wp-json\/wp\/v2\/types\/product"}],"replies":[{"embeddable":true,"href":"https:\/\/www.gtline.com\/es\/wp-json\/wp\/v2\/comments?post=27104"}],"version-history":[{"count":3,"href":"https:\/\/www.gtline.com\/es\/wp-json\/wp\/v2\/product\/27104\/revisions"}],"predecessor-version":[{"id":27148,"href":"https:\/\/www.gtline.com\/es\/wp-json\/wp\/v2\/product\/27104\/revisions\/27148"}],"wp:featuredmedia":[{"embeddable":true,"href":"https:\/\/www.gtline.com\/es\/wp-json\/wp\/v2\/media\/27106"}],"wp:attachment":[{"href":"https:\/\/www.gtline.com\/es\/wp-json\/wp\/v2\/media?parent=27104"}],"wp:term":[{"taxonomy":"product_brand","embeddable":true,"href":"https:\/\/www.gtline.com\/es\/wp-json\/wp\/v2\/product_brand?post=27104"},{"taxonomy":"product_cat","embeddable":true,"href":"https:\/\/www.gtline.com\/es\/wp-json\/wp\/v2\/product_cat?post=27104"},{"taxonomy":"product_tag","embeddable":true,"href":"https:\/\/www.gtline.com\/es\/wp-json\/wp\/v2\/product_tag?post=27104"}],"curies":[{"name":"wp","href":"https:\/\/api.w.org\/{rel}","templated":true}]}}